{"id":5356,"date":"2021-11-07T12:15:48","date_gmt":"2021-11-07T11:15:48","guid":{"rendered":"http:\/\/www.vimos-technologies.com\/ueber-vimos-technologies"},"modified":"2025-10-05T19:31:32","modified_gmt":"2025-10-05T17:31:32","slug":"ueber-restar-framos","status":"publish","type":"page","link":"https:\/\/www.restarframos.com\/de\/unternehmen\/ueber-restar-framos","title":{"rendered":"\u00dcber RESTAR FRAMOS Technologies"},"content":{"rendered":"\n<p>RESTAR FRAMOS Technologies GmbH (Europa) und RESTAR FRAMOS Technologies Inc. (Nordamerika) sind Tochterunternehmen der RESTAR-Gruppe, die ein f\u00fchrender Halbleiter- und Elektronikkomponenten-Distributor mit Headquarter in Tokio (Japan) ist \u2013 aktuell die Nummer 3 in Japan.<\/p>\n\n\n\n<p>RESTAR FRAMOS Technologies GmbH mit Sitz in Taufkirchen\/M\u00fcnchen und einer Zweigniederlassung in Leipzig, wird geleitet von erfahrenen, langj\u00e4hrigen Halbleiter-Experten.<br><br>Das Unternehmen konzentriert sich darauf, Projekte europ\u00e4ischer Kunden zu unterst\u00fctzen und innovative L\u00f6sungen anzubieten. Eine schlanke Managementstruktur, erg\u00e4nzt mit lokale Experten garantieren schnelle Reaktionszeiten und damit f\u00fcr den Kunden ein kurzes Time-to-Market und kurze Innovationszyklen.<\/p>\n\n\n\n<h3 class=\"wp-block-heading has-text-align-center\">ISO 9001:2015 Zertifikat<\/h3>\n\n\n<div class=\"wp-block-image\">\n<figure class=\"aligncenter size-large is-resized\"><img fetchpriority=\"high\" decoding=\"async\" width=\"724\" height=\"1024\" src=\"https:\/\/www.restarframos.com\/wp-content\/uploads\/2025\/05\/ISO-9001-VIMOS-2025-724x1024.png\" alt=\"\" class=\"wp-image-13352\" style=\"width:542px;height:768px\" srcset=\"https:\/\/www.restarframos.com\/wp-content\/uploads\/2025\/05\/ISO-9001-VIMOS-2025-724x1024.png 724w, https:\/\/www.restarframos.com\/wp-content\/uploads\/2025\/05\/ISO-9001-VIMOS-2025-212x300.png 212w, https:\/\/www.restarframos.com\/wp-content\/uploads\/2025\/05\/ISO-9001-VIMOS-2025-768x1087.png 768w, https:\/\/www.restarframos.com\/wp-content\/uploads\/2025\/05\/ISO-9001-VIMOS-2025-1086x1536.png 1086w, https:\/\/www.restarframos.com\/wp-content\/uploads\/2025\/05\/ISO-9001-VIMOS-2025-450x637.png 450w, https:\/\/www.restarframos.com\/wp-content\/uploads\/2025\/05\/ISO-9001-VIMOS-2025.png 1220w\" sizes=\"(max-width: 724px) 100vw, 724px\" \/><\/figure><\/div>","protected":false},"excerpt":{"rendered":"<p>RESTAR FRAMOS Technologies GmbH (Europa) und RESTAR FRAMOS Technologies Inc. (Nordamerika) sind Tochterunternehmen der RESTAR-Gruppe, die ein f\u00fchrender Halbleiter- und Elektronikkomponenten-Distributor mit Headquarter in Tokio (Japan) ist \u2013 aktuell die Nummer 3 in Japan. RESTAR FRAMOS Technologies GmbH mit Sitz in Taufkirchen\/M\u00fcnchen und einer Zweigniederlassung in Leipzig, wird geleitet von erfahrenen, langj\u00e4hrigen Halbleiter-Experten. Das Unternehmen &hellip; <\/p>\n<p class=\"link-more\"><a href=\"https:\/\/www.restarframos.com\/de\/unternehmen\/ueber-restar-framos\" class=\"more-link\"><span class=\"screen-reader-text\">\u201e\u00dcber RESTAR FRAMOS Technologies\u201c<\/span> weiterlesen<\/a><\/p>\n","protected":false},"author":1,"featured_media":4510,"parent":5397,"menu_order":0,"comment_status":"closed","ping_status":"closed","template":"","meta":{"content-type":"","footnotes":""},"class_list":["post-5356","page","type-page","status-publish","has-post-thumbnail","hentry","entry"],"yoast_head":"<!-- This site is optimized with the Yoast SEO plugin v24.1 - https:\/\/yoast.com\/wordpress\/plugins\/seo\/ -->\n<title>\u00dcber RESTAR FRAMOS Technologies - RESTAR FRAMOS Technologies<\/title>\n<meta name=\"description\" content=\"ViMOS Technologies: Ihr innovativer Halbleiter Distributor in M\u00fcnchen mit technische Expertise &amp; globalem Logistikangebot.\" \/>\n<meta name=\"robots\" content=\"index, follow, max-snippet:-1, max-image-preview:large, max-video-preview:-1\" \/>\n<link rel=\"canonical\" href=\"https:\/\/www.restarframos.com\/en\/company\/about-restar-framos\" \/>\n<meta property=\"og:locale\" content=\"de_DE\" \/>\n<meta property=\"og:type\" content=\"article\" \/>\n<meta property=\"og:title\" content=\"\u00dcber RESTAR FRAMOS Technologies - RESTAR FRAMOS Technologies\" \/>\n<meta property=\"og:description\" content=\"ViMOS Technologies: Ihr innovativer Halbleiter Distributor in M\u00fcnchen mit technische Expertise &amp; globalem Logistikangebot.\" \/>\n<meta property=\"og:url\" content=\"https:\/\/www.restarframos.com\/en\/company\/about-restar-framos\" \/>\n<meta property=\"og:site_name\" content=\"RESTAR FRAMOS Technologies\" \/>\n<meta property=\"article:modified_time\" content=\"2025-10-05T17:31:32+00:00\" \/>\n<meta property=\"og:image\" content=\"https:\/\/www.restarframos.com\/wp-content\/uploads\/2021\/10\/Telecommunication.jpg\" \/>\n\t<meta property=\"og:image:width\" content=\"1799\" \/>\n\t<meta property=\"og:image:height\" content=\"1056\" \/>\n\t<meta property=\"og:image:type\" content=\"image\/jpeg\" \/>\n<meta name=\"twitter:card\" content=\"summary_large_image\" \/>\n<meta name=\"twitter:label1\" content=\"Gesch\u00e4tzte Lesezeit\" \/>\n\t<meta name=\"twitter:data1\" content=\"1\u00a0Minute\" \/>\n<script type=\"application\/ld+json\" class=\"yoast-schema-graph\">{\"@context\":\"https:\/\/schema.org\",\"@graph\":[{\"@type\":\"WebPage\",\"@id\":\"https:\/\/www.restarframos.com\/en\/company\/about-restar-framos\",\"url\":\"https:\/\/www.restarframos.com\/en\/company\/about-restar-framos\",\"name\":\"\u00dcber RESTAR FRAMOS Technologies - RESTAR FRAMOS Technologies\",\"isPartOf\":{\"@id\":\"https:\/\/www.restarframos.com\/en\/#website\"},\"primaryImageOfPage\":{\"@id\":\"https:\/\/www.restarframos.com\/en\/company\/about-restar-framos#primaryimage\"},\"image\":{\"@id\":\"https:\/\/www.restarframos.com\/en\/company\/about-restar-framos#primaryimage\"},\"thumbnailUrl\":\"https:\/\/www.restarframos.com\/wp-content\/uploads\/2021\/10\/Telecommunication.jpg\",\"datePublished\":\"2021-11-07T11:15:48+00:00\",\"dateModified\":\"2025-10-05T17:31:32+00:00\",\"description\":\"ViMOS Technologies: Ihr innovativer Halbleiter Distributor in M\u00fcnchen mit technische Expertise & globalem Logistikangebot.\",\"breadcrumb\":{\"@id\":\"https:\/\/www.restarframos.com\/en\/company\/about-restar-framos#breadcrumb\"},\"inLanguage\":\"de\",\"potentialAction\":[{\"@type\":\"ReadAction\",\"target\":[\"https:\/\/www.restarframos.com\/en\/company\/about-restar-framos\"]}]},{\"@type\":\"ImageObject\",\"inLanguage\":\"de\",\"@id\":\"https:\/\/www.restarframos.com\/en\/company\/about-restar-framos#primaryimage\",\"url\":\"https:\/\/www.restarframos.com\/wp-content\/uploads\/2021\/10\/Telecommunication.jpg\",\"contentUrl\":\"https:\/\/www.restarframos.com\/wp-content\/uploads\/2021\/10\/Telecommunication.jpg\",\"width\":1799,\"height\":1056,\"caption\":\"smart city and wireless communication network, abstract image visual, internet of things\"},{\"@type\":\"BreadcrumbList\",\"@id\":\"https:\/\/www.restarframos.com\/en\/company\/about-restar-framos#breadcrumb\",\"itemListElement\":[{\"@type\":\"ListItem\",\"position\":1,\"name\":\"Home\",\"item\":\"https:\/\/www.restarframos.com\/en\"},{\"@type\":\"ListItem\",\"position\":2,\"name\":\"Unternehmen\",\"item\":\"https:\/\/www.restarframos.com\/en\/company\"},{\"@type\":\"ListItem\",\"position\":3,\"name\":\"\u00dcber RESTAR FRAMOS Technologies\"}]},{\"@type\":\"WebSite\",\"@id\":\"https:\/\/www.restarframos.com\/en\/#website\",\"url\":\"https:\/\/www.restarframos.com\/en\/\",\"name\":\"ViMOS Technologies GmbH\",\"description\":\"Innovation | Solution | Distribution\",\"publisher\":{\"@id\":\"https:\/\/www.restarframos.com\/en\/#organization\"},\"potentialAction\":[{\"@type\":\"SearchAction\",\"target\":{\"@type\":\"EntryPoint\",\"urlTemplate\":\"https:\/\/www.restarframos.com\/en\/?s={search_term_string}\"},\"query-input\":{\"@type\":\"PropertyValueSpecification\",\"valueRequired\":true,\"valueName\":\"search_term_string\"}}],\"inLanguage\":\"de\"},{\"@type\":\"Organization\",\"@id\":\"https:\/\/www.restarframos.com\/en\/#organization\",\"name\":\"ViMOS Technologies GmbH\",\"alternateName\":\"ViMOS\",\"url\":\"https:\/\/www.restarframos.com\/en\/\",\"logo\":{\"@type\":\"ImageObject\",\"inLanguage\":\"de\",\"@id\":\"https:\/\/www.restarframos.com\/en\/#\/schema\/logo\/image\/\",\"url\":\"https:\/\/www.restarframos.com\/wp-content\/uploads\/2021\/10\/RF_logo_color-1.png\",\"contentUrl\":\"https:\/\/www.restarframos.com\/wp-content\/uploads\/2021\/10\/RF_logo_color-1.png\",\"width\":909,\"height\":467,\"caption\":\"ViMOS Technologies GmbH\"},\"image\":{\"@id\":\"https:\/\/www.restarframos.com\/en\/#\/schema\/logo\/image\/\"}}]}<\/script>\n<!-- \/ Yoast SEO plugin. -->","yoast_head_json":{"title":"\u00dcber RESTAR FRAMOS Technologies - RESTAR FRAMOS Technologies","description":"ViMOS Technologies: Ihr innovativer Halbleiter Distributor in M\u00fcnchen mit technische Expertise & globalem Logistikangebot.","robots":{"index":"index","follow":"follow","max-snippet":"max-snippet:-1","max-image-preview":"max-image-preview:large","max-video-preview":"max-video-preview:-1"},"canonical":"https:\/\/www.restarframos.com\/en\/company\/about-restar-framos","og_locale":"de_DE","og_type":"article","og_title":"\u00dcber RESTAR FRAMOS Technologies - RESTAR FRAMOS Technologies","og_description":"ViMOS Technologies: Ihr innovativer Halbleiter Distributor in M\u00fcnchen mit technische Expertise & globalem Logistikangebot.","og_url":"https:\/\/www.restarframos.com\/en\/company\/about-restar-framos","og_site_name":"RESTAR FRAMOS Technologies","article_modified_time":"2025-10-05T17:31:32+00:00","og_image":[{"width":1799,"height":1056,"url":"https:\/\/www.restarframos.com\/wp-content\/uploads\/2021\/10\/Telecommunication.jpg","type":"image\/jpeg"}],"twitter_card":"summary_large_image","twitter_misc":{"Gesch\u00e4tzte Lesezeit":"1\u00a0Minute"},"schema":{"@context":"https:\/\/schema.org","@graph":[{"@type":"WebPage","@id":"https:\/\/www.restarframos.com\/en\/company\/about-restar-framos","url":"https:\/\/www.restarframos.com\/en\/company\/about-restar-framos","name":"\u00dcber RESTAR FRAMOS Technologies - RESTAR FRAMOS Technologies","isPartOf":{"@id":"https:\/\/www.restarframos.com\/en\/#website"},"primaryImageOfPage":{"@id":"https:\/\/www.restarframos.com\/en\/company\/about-restar-framos#primaryimage"},"image":{"@id":"https:\/\/www.restarframos.com\/en\/company\/about-restar-framos#primaryimage"},"thumbnailUrl":"https:\/\/www.restarframos.com\/wp-content\/uploads\/2021\/10\/Telecommunication.jpg","datePublished":"2021-11-07T11:15:48+00:00","dateModified":"2025-10-05T17:31:32+00:00","description":"ViMOS Technologies: Ihr innovativer Halbleiter Distributor in M\u00fcnchen mit technische Expertise & globalem Logistikangebot.","breadcrumb":{"@id":"https:\/\/www.restarframos.com\/en\/company\/about-restar-framos#breadcrumb"},"inLanguage":"de","potentialAction":[{"@type":"ReadAction","target":["https:\/\/www.restarframos.com\/en\/company\/about-restar-framos"]}]},{"@type":"ImageObject","inLanguage":"de","@id":"https:\/\/www.restarframos.com\/en\/company\/about-restar-framos#primaryimage","url":"https:\/\/www.restarframos.com\/wp-content\/uploads\/2021\/10\/Telecommunication.jpg","contentUrl":"https:\/\/www.restarframos.com\/wp-content\/uploads\/2021\/10\/Telecommunication.jpg","width":1799,"height":1056,"caption":"smart city and wireless communication network, abstract image visual, internet of things"},{"@type":"BreadcrumbList","@id":"https:\/\/www.restarframos.com\/en\/company\/about-restar-framos#breadcrumb","itemListElement":[{"@type":"ListItem","position":1,"name":"Home","item":"https:\/\/www.restarframos.com\/en"},{"@type":"ListItem","position":2,"name":"Unternehmen","item":"https:\/\/www.restarframos.com\/en\/company"},{"@type":"ListItem","position":3,"name":"\u00dcber RESTAR FRAMOS Technologies"}]},{"@type":"WebSite","@id":"https:\/\/www.restarframos.com\/en\/#website","url":"https:\/\/www.restarframos.com\/en\/","name":"ViMOS Technologies GmbH","description":"Innovation | Solution | Distribution","publisher":{"@id":"https:\/\/www.restarframos.com\/en\/#organization"},"potentialAction":[{"@type":"SearchAction","target":{"@type":"EntryPoint","urlTemplate":"https:\/\/www.restarframos.com\/en\/?s={search_term_string}"},"query-input":{"@type":"PropertyValueSpecification","valueRequired":true,"valueName":"search_term_string"}}],"inLanguage":"de"},{"@type":"Organization","@id":"https:\/\/www.restarframos.com\/en\/#organization","name":"ViMOS Technologies GmbH","alternateName":"ViMOS","url":"https:\/\/www.restarframos.com\/en\/","logo":{"@type":"ImageObject","inLanguage":"de","@id":"https:\/\/www.restarframos.com\/en\/#\/schema\/logo\/image\/","url":"https:\/\/www.restarframos.com\/wp-content\/uploads\/2021\/10\/RF_logo_color-1.png","contentUrl":"https:\/\/www.restarframos.com\/wp-content\/uploads\/2021\/10\/RF_logo_color-1.png","width":909,"height":467,"caption":"ViMOS Technologies GmbH"},"image":{"@id":"https:\/\/www.restarframos.com\/en\/#\/schema\/logo\/image\/"}}]}},"_links":{"self":[{"href":"https:\/\/www.restarframos.com\/de\/wp-json\/wp\/v2\/pages\/5356","targetHints":{"allow":["GET"]}}],"collection":[{"href":"https:\/\/www.restarframos.com\/de\/wp-json\/wp\/v2\/pages"}],"about":[{"href":"https:\/\/www.restarframos.com\/de\/wp-json\/wp\/v2\/types\/page"}],"author":[{"embeddable":true,"href":"https:\/\/www.restarframos.com\/de\/wp-json\/wp\/v2\/users\/1"}],"replies":[{"embeddable":true,"href":"https:\/\/www.restarframos.com\/de\/wp-json\/wp\/v2\/comments?post=5356"}],"version-history":[{"count":9,"href":"https:\/\/www.restarframos.com\/de\/wp-json\/wp\/v2\/pages\/5356\/revisions"}],"predecessor-version":[{"id":15073,"href":"https:\/\/www.restarframos.com\/de\/wp-json\/wp\/v2\/pages\/5356\/revisions\/15073"}],"up":[{"embeddable":true,"href":"https:\/\/www.restarframos.com\/de\/wp-json\/wp\/v2\/pages\/5397"}],"wp:featuredmedia":[{"embeddable":true,"href":"https:\/\/www.restarframos.com\/de\/wp-json\/wp\/v2\/media\/4510"}],"wp:attachment":[{"href":"https:\/\/www.restarframos.com\/de\/wp-json\/wp\/v2\/media?parent=5356"}],"curies":[{"name":"wp","href":"https:\/\/api.w.org\/{rel}","templated":true}]}}