{"id":5393,"date":"2021-11-07T12:41:40","date_gmt":"2021-11-07T11:41:40","guid":{"rendered":"http:\/\/www.vimos-technologies.com\/jobs"},"modified":"2025-05-25T13:41:55","modified_gmt":"2025-05-25T11:41:55","slug":"jobs","status":"publish","type":"page","link":"https:\/\/www.restarframos.com\/de\/unternehmen\/jobs","title":{"rendered":"Jobs"},"content":{"rendered":"\t\t<div data-elementor-type=\"wp-page\" data-elementor-id=\"5393\" class=\"elementor elementor-5393 elementor-2737\" data-elementor-post-type=\"page\">\n\t\t\t\t\t\t<section class=\"elementor-section elementor-top-section elementor-element elementor-element-e4e193f elementor-section-boxed elementor-section-height-default elementor-section-height-default\" data-id=\"e4e193f\" data-element_type=\"section\">\n\t\t\t\t\t\t<div class=\"elementor-container elementor-column-gap-default\">\n\t\t\t\t\t<div class=\"elementor-column elementor-col-100 elementor-top-column elementor-element elementor-element-51368f8f\" data-id=\"51368f8f\" data-element_type=\"column\">\n\t\t\t<div class=\"elementor-widget-wrap elementor-element-populated\">\n\t\t\t\t\t\t<div class=\"elementor-element elementor-element-f3698b3 elementor-widget elementor-widget-text-editor\" data-id=\"f3698b3\" data-element_type=\"widget\" data-widget_type=\"text-editor.default\">\n\t\t\t\t<div class=\"elementor-widget-container\">\n\t\t\t\t\t\t\t\t\t<h2>Aktuell gibt es keine Stellenangebote<\/h2>\t\t\t\t\t\t\t\t<\/div>\n\t\t\t\t<\/div>\n\t\t\t\t<div class=\"elementor-element elementor-element-8eea6f8 elementor-hidden-desktop elementor-hidden-tablet elementor-hidden-mobile elementor-widget elementor-widget-text-editor\" data-id=\"8eea6f8\" data-element_type=\"widget\" data-widget_type=\"text-editor.default\">\n\t\t\t\t<div class=\"elementor-widget-container\">\n\t\t\t\t\t\t\t\t\t<p><\/p>\n<h2>Account Manager (m\/f\/d)&nbsp;<\/h2>\n<p><\/p>\n<p><strong>Unbefristete Stelle, Vollzeit \u00b7 Deutschland (Nord\/West\/Ost)<\/strong><\/p>\n<p><\/p>\n<h3>DEINE AUFGABEN<\/h3>\n<p><\/p>\n<h3>Zuallerst, wer sind wir?<\/h3>\n<p><\/p>\n<p>Wir, die ViMOS Technologies GmbH mit Sitz in M\u00fcnchen, sind ein innovativer Halbleiter Distributor, welcher seine Kunden mit fundiertem Fachwissen unterst\u00fctzt, inklusive weltweiter Beschaffung und auf Wunsch mit Produktionsservices.<\/p>\n<p><\/p>\n<p>ViMOS besondere Marktposition entsteht durch eine Kombination von technischem Know-How, selektiertem Produkt Portfolio und effizienter Logistik seines Partnernetzwerks bestehend aus FRAMOS (Europe), Restar Group (Japan) und WPG (Singapur) &#8211; jeder gleicherma\u00dfen ein herausragender Komponenten Distributor in seiner Region<br>ViMOS, gef\u00fchrt von erfahrenen Halbleiter Experten, konzentriert sich darauf Projekte europ\u00e4ischer Kunden zu unterst\u00fctzen und innovative L\u00f6sungen anzubieten. Eine schlanke Managementstruktur, lokale Unterst\u00fctzung und kurze Reaktionszeiten garantieren ein kurzes Time-to-Market und kurze Innovationszyklen.<\/p>\n<p><\/p>\n<p>Du bist ein erfahrener Vertriebsprofi mit Startup Mentalit\u00e4t und immer auf der Suche nach neuen Herausforderungen? Ja? Les weiter!<\/p>\n<p><\/p>\n<h3>Die Stelle:<\/h3>\n<p><\/p>\n<p>Du wirst helfen das Gesch\u00e4ft und die Kunden von ViMOS weiterzuentwickeln: Networking ist gut &#8211; Verk\u00e4ufe sind besser. Das wirst du machen:<\/p>\n<p><\/p>\n<ul>\n<li>Entwicklung und Weiterf\u00fchrung bestehender Kunden und M\u00e4rkte<\/li>\n<li>Vergr\u00f6\u00dferung des Netzwerks &amp; der Zahl relevanter Kunden<\/li>\n<li>Nutzung deiner weitreichenden Expertise von Industrie &amp; M\u00e4rkten zur Qualifizierung von geeigneten Kunden<\/li>\n<li>Identifizierung von Schl\u00fcssel Kunden; Etablierung als Meinungsf\u00fchrer und Ansprechpartner in deiner Region<\/li>\n<\/ul>\n<p><\/p>\n<h3>DEIN PROFIL<\/h3>\n<p><\/p>\n<h3>Und wer bist du?<\/h3>\n<p><\/p>\n<ul>\n<li>Ein intrinsisch motivierter Vertriebsprofi, der seine Unabh\u00e4ngigkeit sch\u00e4tzt (immer mit einem starken Remote-Team im Hintergrund)<\/li>\n<li>Du hast Erfahrung im B2B Vertrieb elektronischer Komponenten<\/li>\n<li>Perfektes Deutsch und Englisch sind Voraussetzung; weitere europ\u00e4ische Sprachen von Vorteil<\/li>\n<\/ul>\n<p><\/p>\n<h3>WAS DU ERWARTEN KANNST<\/h3>\n<p><\/p>\n<ul>\n<li>Warum solltest du zu uns kommen? Wir sind ein internationales Team mit Hauptsitz in Taufkirchen\/M\u00fcnchen.<\/li>\n<li>Gigantisches Entwicklungspotential Wie auch ViMOS sich stetig weiterentwickelt, so kann sich deine Rolle zum Team Leader entwickeln<\/li>\n<li>Unabh\u00e4ngigkeit \u2013 Arbeite remote \u00fcberall aus Deutschland heraus und such dir deine Kunden aus<\/li>\n<li>\u00dcbernehme bestehende Kunden und entwickle diese weiter<\/li>\n<\/ul>\n<p><\/p>\n<p><strong>Kontaktiere uns jetzt mit dem Kontaktformular unten!<\/strong><br><\/p>\n<p><\/p>\t\t\t\t\t\t\t\t<\/div>\n\t\t\t\t<\/div>\n\t\t\t\t\t<\/div>\n\t\t<\/div>\n\t\t\t\t\t<\/div>\n\t\t<\/section>\n\t\t\t\t<section class=\"elementor-section elementor-top-section elementor-element elementor-element-583ca1b elementor-section-boxed elementor-section-height-default elementor-section-height-default\" data-id=\"583ca1b\" data-element_type=\"section\">\n\t\t\t\t\t\t<div class=\"elementor-container elementor-column-gap-default\">\n\t\t\t\t\t<div class=\"elementor-column elementor-col-100 elementor-top-column elementor-element elementor-element-8ddfca7\" data-id=\"8ddfca7\" data-element_type=\"column\">\n\t\t\t<div class=\"elementor-widget-wrap elementor-element-populated\">\n\t\t\t\t\t\t<div class=\"elementor-element elementor-element-5fb8051 elementor-widget elementor-widget-text-editor\" data-id=\"5fb8051\" data-element_type=\"widget\" data-widget_type=\"text-editor.default\">\n\t\t\t\t<div class=\"elementor-widget-container\">\n\t\t\t\t\t\t\t\t\t<a href=https:\/\/kununu.com\/de\/vimos-technologies?rfr=affiliate_widget&#038;utm_content=widget_icon_score_review_count_big&#038;utm_medium=affiliate&#038;utm_source=widget rel=\"nofollow noopener\" target=\"_blank\"><img alt=\"kununu widget\" src=https:\/\/widgets.kununu.com\/widget_icon_score_review_count_big\/profiles\/b3146864-8d9c-404c-aa1d-2183fe207702 \/><\/a>\t\t\t\t\t\t\t\t<\/div>\n\t\t\t\t<\/div>\n\t\t\t\t\t<\/div>\n\t\t<\/div>\n\t\t\t\t\t<\/div>\n\t\t<\/section>\n\t\t\t\t<\/div>\n\t\t","protected":false},"excerpt":{"rendered":"<p>Aktuell gibt es keine Stellenangebote Account Manager (m\/f\/d)&nbsp; Unbefristete Stelle, Vollzeit \u00b7 Deutschland (Nord\/West\/Ost) DEINE AUFGABEN Zuallerst, wer sind wir? Wir, die ViMOS Technologies GmbH mit Sitz in M\u00fcnchen, sind ein innovativer Halbleiter Distributor, welcher seine Kunden mit fundiertem Fachwissen unterst\u00fctzt, inklusive weltweiter Beschaffung und auf Wunsch mit Produktionsservices. ViMOS besondere Marktposition entsteht durch eine &hellip; <\/p>\n<p class=\"link-more\"><a href=\"https:\/\/www.restarframos.com\/de\/unternehmen\/jobs\" class=\"more-link\"><span class=\"screen-reader-text\">\u201eJobs\u201c<\/span> weiterlesen<\/a><\/p>\n","protected":false},"author":1,"featured_media":4510,"parent":5397,"menu_order":0,"comment_status":"closed","ping_status":"closed","template":"","meta":{"content-type":"","footnotes":""},"class_list":["post-5393","page","type-page","status-publish","has-post-thumbnail","hentry","entry"],"yoast_head":"<!-- This site is optimized with the Yoast SEO plugin v24.1 - https:\/\/yoast.com\/wordpress\/plugins\/seo\/ -->\n<title>Jobs - RESTAR FRAMOS Technologies<\/title>\n<meta name=\"robots\" content=\"index, follow, max-snippet:-1, max-image-preview:large, max-video-preview:-1\" \/>\n<link rel=\"canonical\" href=\"https:\/\/www.restarframos.com\/en\/company\/jobs\" \/>\n<meta property=\"og:locale\" content=\"de_DE\" \/>\n<meta property=\"og:type\" content=\"article\" \/>\n<meta property=\"og:title\" content=\"Jobs - RESTAR FRAMOS Technologies\" \/>\n<meta property=\"og:description\" content=\"Aktuell gibt es keine Stellenangebote Account Manager (m\/f\/d)&nbsp; Unbefristete Stelle, Vollzeit \u00b7 Deutschland (Nord\/West\/Ost) DEINE AUFGABEN Zuallerst, wer sind wir? Wir, die ViMOS Technologies GmbH mit Sitz in M\u00fcnchen, sind ein innovativer Halbleiter Distributor, welcher seine Kunden mit fundiertem Fachwissen unterst\u00fctzt, inklusive weltweiter Beschaffung und auf Wunsch mit Produktionsservices. ViMOS besondere Marktposition entsteht durch eine &hellip; \u201eJobs\u201c weiterlesen\" \/>\n<meta property=\"og:url\" content=\"https:\/\/www.restarframos.com\/en\/company\/jobs\" \/>\n<meta property=\"og:site_name\" content=\"RESTAR FRAMOS Technologies\" \/>\n<meta property=\"article:modified_time\" content=\"2025-05-25T11:41:55+00:00\" \/>\n<meta property=\"og:image\" content=\"https:\/\/www.restarframos.com\/wp-content\/uploads\/2021\/10\/Telecommunication.jpg\" \/>\n\t<meta property=\"og:image:width\" content=\"1799\" \/>\n\t<meta property=\"og:image:height\" content=\"1056\" \/>\n\t<meta property=\"og:image:type\" content=\"image\/jpeg\" \/>\n<meta name=\"twitter:card\" content=\"summary_large_image\" \/>\n<meta name=\"twitter:label1\" content=\"Gesch\u00e4tzte Lesezeit\" \/>\n\t<meta name=\"twitter:data1\" content=\"2\u00a0Minuten\" \/>\n<script type=\"application\/ld+json\" class=\"yoast-schema-graph\">{\"@context\":\"https:\/\/schema.org\",\"@graph\":[{\"@type\":\"WebPage\",\"@id\":\"https:\/\/www.restarframos.com\/en\/company\/jobs\",\"url\":\"https:\/\/www.restarframos.com\/en\/company\/jobs\",\"name\":\"Jobs - RESTAR FRAMOS Technologies\",\"isPartOf\":{\"@id\":\"https:\/\/www.restarframos.com\/en\/#website\"},\"primaryImageOfPage\":{\"@id\":\"https:\/\/www.restarframos.com\/en\/company\/jobs#primaryimage\"},\"image\":{\"@id\":\"https:\/\/www.restarframos.com\/en\/company\/jobs#primaryimage\"},\"thumbnailUrl\":\"https:\/\/www.restarframos.com\/wp-content\/uploads\/2021\/10\/Telecommunication.jpg\",\"datePublished\":\"2021-11-07T11:41:40+00:00\",\"dateModified\":\"2025-05-25T11:41:55+00:00\",\"breadcrumb\":{\"@id\":\"https:\/\/www.restarframos.com\/en\/company\/jobs#breadcrumb\"},\"inLanguage\":\"de\",\"potentialAction\":[{\"@type\":\"ReadAction\",\"target\":[\"https:\/\/www.restarframos.com\/en\/company\/jobs\"]}]},{\"@type\":\"ImageObject\",\"inLanguage\":\"de\",\"@id\":\"https:\/\/www.restarframos.com\/en\/company\/jobs#primaryimage\",\"url\":\"https:\/\/www.restarframos.com\/wp-content\/uploads\/2021\/10\/Telecommunication.jpg\",\"contentUrl\":\"https:\/\/www.restarframos.com\/wp-content\/uploads\/2021\/10\/Telecommunication.jpg\",\"width\":1799,\"height\":1056,\"caption\":\"smart city and wireless communication network, abstract image visual, internet of things\"},{\"@type\":\"BreadcrumbList\",\"@id\":\"https:\/\/www.restarframos.com\/en\/company\/jobs#breadcrumb\",\"itemListElement\":[{\"@type\":\"ListItem\",\"position\":1,\"name\":\"Home\",\"item\":\"https:\/\/www.restarframos.com\/en\"},{\"@type\":\"ListItem\",\"position\":2,\"name\":\"Unternehmen\",\"item\":\"https:\/\/www.restarframos.com\/en\/company\"},{\"@type\":\"ListItem\",\"position\":3,\"name\":\"Jobs\"}]},{\"@type\":\"WebSite\",\"@id\":\"https:\/\/www.restarframos.com\/en\/#website\",\"url\":\"https:\/\/www.restarframos.com\/en\/\",\"name\":\"ViMOS Technologies GmbH\",\"description\":\"Innovation | Solution | Distribution\",\"publisher\":{\"@id\":\"https:\/\/www.restarframos.com\/en\/#organization\"},\"potentialAction\":[{\"@type\":\"SearchAction\",\"target\":{\"@type\":\"EntryPoint\",\"urlTemplate\":\"https:\/\/www.restarframos.com\/en\/?s={search_term_string}\"},\"query-input\":{\"@type\":\"PropertyValueSpecification\",\"valueRequired\":true,\"valueName\":\"search_term_string\"}}],\"inLanguage\":\"de\"},{\"@type\":\"Organization\",\"@id\":\"https:\/\/www.restarframos.com\/en\/#organization\",\"name\":\"ViMOS Technologies GmbH\",\"alternateName\":\"ViMOS\",\"url\":\"https:\/\/www.restarframos.com\/en\/\",\"logo\":{\"@type\":\"ImageObject\",\"inLanguage\":\"de\",\"@id\":\"https:\/\/www.restarframos.com\/en\/#\/schema\/logo\/image\/\",\"url\":\"https:\/\/www.restarframos.com\/wp-content\/uploads\/2021\/10\/RF_logo_color-1.png\",\"contentUrl\":\"https:\/\/www.restarframos.com\/wp-content\/uploads\/2021\/10\/RF_logo_color-1.png\",\"width\":909,\"height\":467,\"caption\":\"ViMOS Technologies GmbH\"},\"image\":{\"@id\":\"https:\/\/www.restarframos.com\/en\/#\/schema\/logo\/image\/\"}}]}<\/script>\n<!-- \/ Yoast SEO plugin. -->","yoast_head_json":{"title":"Jobs - RESTAR FRAMOS Technologies","robots":{"index":"index","follow":"follow","max-snippet":"max-snippet:-1","max-image-preview":"max-image-preview:large","max-video-preview":"max-video-preview:-1"},"canonical":"https:\/\/www.restarframos.com\/en\/company\/jobs","og_locale":"de_DE","og_type":"article","og_title":"Jobs - RESTAR FRAMOS Technologies","og_description":"Aktuell gibt es keine Stellenangebote Account Manager (m\/f\/d)&nbsp; Unbefristete Stelle, Vollzeit \u00b7 Deutschland (Nord\/West\/Ost) DEINE AUFGABEN Zuallerst, wer sind wir? Wir, die ViMOS Technologies GmbH mit Sitz in M\u00fcnchen, sind ein innovativer Halbleiter Distributor, welcher seine Kunden mit fundiertem Fachwissen unterst\u00fctzt, inklusive weltweiter Beschaffung und auf Wunsch mit Produktionsservices. ViMOS besondere Marktposition entsteht durch eine &hellip; \u201eJobs\u201c weiterlesen","og_url":"https:\/\/www.restarframos.com\/en\/company\/jobs","og_site_name":"RESTAR FRAMOS Technologies","article_modified_time":"2025-05-25T11:41:55+00:00","og_image":[{"width":1799,"height":1056,"url":"https:\/\/www.restarframos.com\/wp-content\/uploads\/2021\/10\/Telecommunication.jpg","type":"image\/jpeg"}],"twitter_card":"summary_large_image","twitter_misc":{"Gesch\u00e4tzte Lesezeit":"2\u00a0Minuten"},"schema":{"@context":"https:\/\/schema.org","@graph":[{"@type":"WebPage","@id":"https:\/\/www.restarframos.com\/en\/company\/jobs","url":"https:\/\/www.restarframos.com\/en\/company\/jobs","name":"Jobs - RESTAR FRAMOS Technologies","isPartOf":{"@id":"https:\/\/www.restarframos.com\/en\/#website"},"primaryImageOfPage":{"@id":"https:\/\/www.restarframos.com\/en\/company\/jobs#primaryimage"},"image":{"@id":"https:\/\/www.restarframos.com\/en\/company\/jobs#primaryimage"},"thumbnailUrl":"https:\/\/www.restarframos.com\/wp-content\/uploads\/2021\/10\/Telecommunication.jpg","datePublished":"2021-11-07T11:41:40+00:00","dateModified":"2025-05-25T11:41:55+00:00","breadcrumb":{"@id":"https:\/\/www.restarframos.com\/en\/company\/jobs#breadcrumb"},"inLanguage":"de","potentialAction":[{"@type":"ReadAction","target":["https:\/\/www.restarframos.com\/en\/company\/jobs"]}]},{"@type":"ImageObject","inLanguage":"de","@id":"https:\/\/www.restarframos.com\/en\/company\/jobs#primaryimage","url":"https:\/\/www.restarframos.com\/wp-content\/uploads\/2021\/10\/Telecommunication.jpg","contentUrl":"https:\/\/www.restarframos.com\/wp-content\/uploads\/2021\/10\/Telecommunication.jpg","width":1799,"height":1056,"caption":"smart city and wireless communication network, abstract image visual, internet of things"},{"@type":"BreadcrumbList","@id":"https:\/\/www.restarframos.com\/en\/company\/jobs#breadcrumb","itemListElement":[{"@type":"ListItem","position":1,"name":"Home","item":"https:\/\/www.restarframos.com\/en"},{"@type":"ListItem","position":2,"name":"Unternehmen","item":"https:\/\/www.restarframos.com\/en\/company"},{"@type":"ListItem","position":3,"name":"Jobs"}]},{"@type":"WebSite","@id":"https:\/\/www.restarframos.com\/en\/#website","url":"https:\/\/www.restarframos.com\/en\/","name":"ViMOS Technologies GmbH","description":"Innovation | Solution | Distribution","publisher":{"@id":"https:\/\/www.restarframos.com\/en\/#organization"},"potentialAction":[{"@type":"SearchAction","target":{"@type":"EntryPoint","urlTemplate":"https:\/\/www.restarframos.com\/en\/?s={search_term_string}"},"query-input":{"@type":"PropertyValueSpecification","valueRequired":true,"valueName":"search_term_string"}}],"inLanguage":"de"},{"@type":"Organization","@id":"https:\/\/www.restarframos.com\/en\/#organization","name":"ViMOS Technologies GmbH","alternateName":"ViMOS","url":"https:\/\/www.restarframos.com\/en\/","logo":{"@type":"ImageObject","inLanguage":"de","@id":"https:\/\/www.restarframos.com\/en\/#\/schema\/logo\/image\/","url":"https:\/\/www.restarframos.com\/wp-content\/uploads\/2021\/10\/RF_logo_color-1.png","contentUrl":"https:\/\/www.restarframos.com\/wp-content\/uploads\/2021\/10\/RF_logo_color-1.png","width":909,"height":467,"caption":"ViMOS Technologies GmbH"},"image":{"@id":"https:\/\/www.restarframos.com\/en\/#\/schema\/logo\/image\/"}}]}},"_links":{"self":[{"href":"https:\/\/www.restarframos.com\/de\/wp-json\/wp\/v2\/pages\/5393","targetHints":{"allow":["GET"]}}],"collection":[{"href":"https:\/\/www.restarframos.com\/de\/wp-json\/wp\/v2\/pages"}],"about":[{"href":"https:\/\/www.restarframos.com\/de\/wp-json\/wp\/v2\/types\/page"}],"author":[{"embeddable":true,"href":"https:\/\/www.restarframos.com\/de\/wp-json\/wp\/v2\/users\/1"}],"replies":[{"embeddable":true,"href":"https:\/\/www.restarframos.com\/de\/wp-json\/wp\/v2\/comments?post=5393"}],"version-history":[{"count":15,"href":"https:\/\/www.restarframos.com\/de\/wp-json\/wp\/v2\/pages\/5393\/revisions"}],"predecessor-version":[{"id":13367,"href":"https:\/\/www.restarframos.com\/de\/wp-json\/wp\/v2\/pages\/5393\/revisions\/13367"}],"up":[{"embeddable":true,"href":"https:\/\/www.restarframos.com\/de\/wp-json\/wp\/v2\/pages\/5397"}],"wp:featuredmedia":[{"embeddable":true,"href":"https:\/\/www.restarframos.com\/de\/wp-json\/wp\/v2\/media\/4510"}],"wp:attachment":[{"href":"https:\/\/www.restarframos.com\/de\/wp-json\/wp\/v2\/media?parent=5393"}],"curies":[{"name":"wp","href":"https:\/\/api.w.org\/{rel}","templated":true}]}}