{"id":5395,"date":"2021-11-07T12:43:00","date_gmt":"2021-11-07T11:43:00","guid":{"rendered":"http:\/\/www.vimos-technologies.com\/support"},"modified":"2025-10-08T20:40:23","modified_gmt":"2025-10-08T18:40:23","slug":"support","status":"publish","type":"page","link":"https:\/\/www.restarframos.com\/de\/unternehmen\/support","title":{"rendered":"Support"},"content":{"rendered":"\n<p>RESTAR FRAMOS Technologies ist nicht nur ein Distributor, sondern auch ein technischer Berater. Mit unserer langj\u00e4hrigen Expertise aller Mitarbeiter im Halbleiterbereich kennen wir alle Marktsegmente und bieten so konkrete und zielf\u00fchrende L\u00f6sungsans\u00e4tze. Unsere engagierten Verkaufs- und Applikationsingenieure mit langj\u00e4hriger Erfahrung in der europ\u00e4ischen Industrie bieten ein tiefes technisches Verst\u00e4ndnis f\u00fcr fast alle Automobil-, Industrie- und Consumer Anwendungen. Ganz besonders im Kamerabereich besch\u00e4ftigen wir technische Imaging Experten, die sich z.B. mit SONY-Bildsensoren vom individuellen Pixeldesign \u00fcber das High-Speed Interface bis hin zu den optischen Anforderungen bestens auskennen. Diese Ingenieure helfen, z.B. f\u00fcr Ihre Anwendung die passenden Kamerasensoren mit passender Optik auszuw\u00e4hlen und unterst\u00fctzen Sie, bei der Inbetriebnahme eines Evaluation Boards und begleiten Sie bei der Portierung des gewonnenen Know-Hows in ein eigenes Produkt, das schnell und sicher in die Massenfabrikation \u00fcbernommen werden mu\u00df. Fragen Sie ganz unverbindlich bei uns an \u2013 wir helfen Ihnen weiter! \u00a0\u00a0\u00a0\u00a0<\/p>\n","protected":false},"excerpt":{"rendered":"<p>RESTAR FRAMOS Technologies ist nicht nur ein Distributor, sondern auch ein technischer Berater. Mit unserer langj\u00e4hrigen Expertise aller Mitarbeiter im Halbleiterbereich kennen wir alle Marktsegmente und bieten so konkrete und zielf\u00fchrende L\u00f6sungsans\u00e4tze. Unsere engagierten Verkaufs- und Applikationsingenieure mit langj\u00e4hriger Erfahrung in der europ\u00e4ischen Industrie bieten ein tiefes technisches Verst\u00e4ndnis f\u00fcr fast alle Automobil-, Industrie- und &hellip; <\/p>\n<p class=\"link-more\"><a href=\"https:\/\/www.restarframos.com\/de\/unternehmen\/support\" class=\"more-link\"><span class=\"screen-reader-text\">\u201eSupport\u201c<\/span> weiterlesen<\/a><\/p>\n","protected":false},"author":1,"featured_media":5196,"parent":5397,"menu_order":0,"comment_status":"closed","ping_status":"closed","template":"","meta":{"content-type":"","footnotes":""},"class_list":["post-5395","page","type-page","status-publish","has-post-thumbnail","hentry","entry"],"yoast_head":"<!-- This site is optimized with the Yoast SEO plugin v24.1 - https:\/\/yoast.com\/wordpress\/plugins\/seo\/ -->\n<title>Support - RESTAR FRAMOS Technologies<\/title>\n<meta name=\"robots\" content=\"index, follow, max-snippet:-1, max-image-preview:large, max-video-preview:-1\" \/>\n<link rel=\"canonical\" href=\"https:\/\/www.restarframos.com\/de\/unternehmen\/support\" \/>\n<meta property=\"og:locale\" content=\"de_DE\" \/>\n<meta property=\"og:type\" content=\"article\" \/>\n<meta property=\"og:title\" content=\"Support - RESTAR FRAMOS Technologies\" \/>\n<meta property=\"og:description\" content=\"RESTAR FRAMOS Technologies ist nicht nur ein Distributor, sondern auch ein technischer Berater. Mit unserer langj\u00e4hrigen Expertise aller Mitarbeiter im Halbleiterbereich kennen wir alle Marktsegmente und bieten so konkrete und zielf\u00fchrende L\u00f6sungsans\u00e4tze. Unsere engagierten Verkaufs- und Applikationsingenieure mit langj\u00e4hriger Erfahrung in der europ\u00e4ischen Industrie bieten ein tiefes technisches Verst\u00e4ndnis f\u00fcr fast alle Automobil-, Industrie- und &hellip; \u201eSupport\u201c weiterlesen\" \/>\n<meta property=\"og:url\" content=\"https:\/\/www.restarframos.com\/de\/unternehmen\/support\" \/>\n<meta property=\"og:site_name\" content=\"RESTAR FRAMOS Technologies\" \/>\n<meta property=\"article:modified_time\" content=\"2025-10-08T18:40:23+00:00\" \/>\n<meta property=\"og:image\" content=\"https:\/\/www.restarframos.com\/wp-content\/uploads\/2021\/11\/Service.jpg\" \/>\n\t<meta property=\"og:image:width\" content=\"1688\" \/>\n\t<meta property=\"og:image:height\" content=\"1125\" \/>\n\t<meta property=\"og:image:type\" content=\"image\/jpeg\" \/>\n<meta name=\"twitter:card\" content=\"summary_large_image\" \/>\n<meta name=\"twitter:label1\" content=\"Gesch\u00e4tzte Lesezeit\" \/>\n\t<meta name=\"twitter:data1\" content=\"1\u00a0Minute\" \/>\n<script type=\"application\/ld+json\" class=\"yoast-schema-graph\">{\"@context\":\"https:\/\/schema.org\",\"@graph\":[{\"@type\":\"WebPage\",\"@id\":\"https:\/\/www.restarframos.com\/de\/unternehmen\/support\",\"url\":\"https:\/\/www.restarframos.com\/de\/unternehmen\/support\",\"name\":\"Support - RESTAR FRAMOS Technologies\",\"isPartOf\":{\"@id\":\"https:\/\/www.restarframos.com\/en\/#website\"},\"primaryImageOfPage\":{\"@id\":\"https:\/\/www.restarframos.com\/de\/unternehmen\/support#primaryimage\"},\"image\":{\"@id\":\"https:\/\/www.restarframos.com\/de\/unternehmen\/support#primaryimage\"},\"thumbnailUrl\":\"https:\/\/www.restarframos.com\/wp-content\/uploads\/2021\/11\/Service.jpg\",\"datePublished\":\"2021-11-07T11:43:00+00:00\",\"dateModified\":\"2025-10-08T18:40:23+00:00\",\"breadcrumb\":{\"@id\":\"https:\/\/www.restarframos.com\/de\/unternehmen\/support#breadcrumb\"},\"inLanguage\":\"de\",\"potentialAction\":[{\"@type\":\"ReadAction\",\"target\":[\"https:\/\/www.restarframos.com\/de\/unternehmen\/support\"]}]},{\"@type\":\"ImageObject\",\"inLanguage\":\"de\",\"@id\":\"https:\/\/www.restarframos.com\/de\/unternehmen\/support#primaryimage\",\"url\":\"https:\/\/www.restarframos.com\/wp-content\/uploads\/2021\/11\/Service.jpg\",\"contentUrl\":\"https:\/\/www.restarframos.com\/wp-content\/uploads\/2021\/11\/Service.jpg\",\"width\":1688,\"height\":1125,\"caption\":\"Businessman shaking digital partners hand on blue background\"},{\"@type\":\"BreadcrumbList\",\"@id\":\"https:\/\/www.restarframos.com\/de\/unternehmen\/support#breadcrumb\",\"itemListElement\":[{\"@type\":\"ListItem\",\"position\":1,\"name\":\"Home\",\"item\":\"https:\/\/www.restarframos.com\/en\"},{\"@type\":\"ListItem\",\"position\":2,\"name\":\"Unternehmen\",\"item\":\"https:\/\/www.restarframos.com\/en\/company\"},{\"@type\":\"ListItem\",\"position\":3,\"name\":\"Support\"}]},{\"@type\":\"WebSite\",\"@id\":\"https:\/\/www.restarframos.com\/en\/#website\",\"url\":\"https:\/\/www.restarframos.com\/en\/\",\"name\":\"ViMOS Technologies GmbH\",\"description\":\"Innovation | Solution | Distribution\",\"publisher\":{\"@id\":\"https:\/\/www.restarframos.com\/en\/#organization\"},\"potentialAction\":[{\"@type\":\"SearchAction\",\"target\":{\"@type\":\"EntryPoint\",\"urlTemplate\":\"https:\/\/www.restarframos.com\/en\/?s={search_term_string}\"},\"query-input\":{\"@type\":\"PropertyValueSpecification\",\"valueRequired\":true,\"valueName\":\"search_term_string\"}}],\"inLanguage\":\"de\"},{\"@type\":\"Organization\",\"@id\":\"https:\/\/www.restarframos.com\/en\/#organization\",\"name\":\"ViMOS Technologies GmbH\",\"alternateName\":\"ViMOS\",\"url\":\"https:\/\/www.restarframos.com\/en\/\",\"logo\":{\"@type\":\"ImageObject\",\"inLanguage\":\"de\",\"@id\":\"https:\/\/www.restarframos.com\/en\/#\/schema\/logo\/image\/\",\"url\":\"https:\/\/www.restarframos.com\/wp-content\/uploads\/2021\/10\/RF_logo_color-1.png\",\"contentUrl\":\"https:\/\/www.restarframos.com\/wp-content\/uploads\/2021\/10\/RF_logo_color-1.png\",\"width\":909,\"height\":467,\"caption\":\"ViMOS Technologies GmbH\"},\"image\":{\"@id\":\"https:\/\/www.restarframos.com\/en\/#\/schema\/logo\/image\/\"}}]}<\/script>\n<!-- \/ Yoast SEO plugin. -->","yoast_head_json":{"title":"Support - RESTAR FRAMOS Technologies","robots":{"index":"index","follow":"follow","max-snippet":"max-snippet:-1","max-image-preview":"max-image-preview:large","max-video-preview":"max-video-preview:-1"},"canonical":"https:\/\/www.restarframos.com\/de\/unternehmen\/support","og_locale":"de_DE","og_type":"article","og_title":"Support - RESTAR FRAMOS Technologies","og_description":"RESTAR FRAMOS Technologies ist nicht nur ein Distributor, sondern auch ein technischer Berater. Mit unserer langj\u00e4hrigen Expertise aller Mitarbeiter im Halbleiterbereich kennen wir alle Marktsegmente und bieten so konkrete und zielf\u00fchrende L\u00f6sungsans\u00e4tze. Unsere engagierten Verkaufs- und Applikationsingenieure mit langj\u00e4hriger Erfahrung in der europ\u00e4ischen Industrie bieten ein tiefes technisches Verst\u00e4ndnis f\u00fcr fast alle Automobil-, Industrie- und &hellip; \u201eSupport\u201c weiterlesen","og_url":"https:\/\/www.restarframos.com\/de\/unternehmen\/support","og_site_name":"RESTAR FRAMOS Technologies","article_modified_time":"2025-10-08T18:40:23+00:00","og_image":[{"width":1688,"height":1125,"url":"https:\/\/www.restarframos.com\/wp-content\/uploads\/2021\/11\/Service.jpg","type":"image\/jpeg"}],"twitter_card":"summary_large_image","twitter_misc":{"Gesch\u00e4tzte Lesezeit":"1\u00a0Minute"},"schema":{"@context":"https:\/\/schema.org","@graph":[{"@type":"WebPage","@id":"https:\/\/www.restarframos.com\/de\/unternehmen\/support","url":"https:\/\/www.restarframos.com\/de\/unternehmen\/support","name":"Support - RESTAR FRAMOS Technologies","isPartOf":{"@id":"https:\/\/www.restarframos.com\/en\/#website"},"primaryImageOfPage":{"@id":"https:\/\/www.restarframos.com\/de\/unternehmen\/support#primaryimage"},"image":{"@id":"https:\/\/www.restarframos.com\/de\/unternehmen\/support#primaryimage"},"thumbnailUrl":"https:\/\/www.restarframos.com\/wp-content\/uploads\/2021\/11\/Service.jpg","datePublished":"2021-11-07T11:43:00+00:00","dateModified":"2025-10-08T18:40:23+00:00","breadcrumb":{"@id":"https:\/\/www.restarframos.com\/de\/unternehmen\/support#breadcrumb"},"inLanguage":"de","potentialAction":[{"@type":"ReadAction","target":["https:\/\/www.restarframos.com\/de\/unternehmen\/support"]}]},{"@type":"ImageObject","inLanguage":"de","@id":"https:\/\/www.restarframos.com\/de\/unternehmen\/support#primaryimage","url":"https:\/\/www.restarframos.com\/wp-content\/uploads\/2021\/11\/Service.jpg","contentUrl":"https:\/\/www.restarframos.com\/wp-content\/uploads\/2021\/11\/Service.jpg","width":1688,"height":1125,"caption":"Businessman shaking digital partners hand on blue background"},{"@type":"BreadcrumbList","@id":"https:\/\/www.restarframos.com\/de\/unternehmen\/support#breadcrumb","itemListElement":[{"@type":"ListItem","position":1,"name":"Home","item":"https:\/\/www.restarframos.com\/en"},{"@type":"ListItem","position":2,"name":"Unternehmen","item":"https:\/\/www.restarframos.com\/en\/company"},{"@type":"ListItem","position":3,"name":"Support"}]},{"@type":"WebSite","@id":"https:\/\/www.restarframos.com\/en\/#website","url":"https:\/\/www.restarframos.com\/en\/","name":"ViMOS Technologies GmbH","description":"Innovation | Solution | Distribution","publisher":{"@id":"https:\/\/www.restarframos.com\/en\/#organization"},"potentialAction":[{"@type":"SearchAction","target":{"@type":"EntryPoint","urlTemplate":"https:\/\/www.restarframos.com\/en\/?s={search_term_string}"},"query-input":{"@type":"PropertyValueSpecification","valueRequired":true,"valueName":"search_term_string"}}],"inLanguage":"de"},{"@type":"Organization","@id":"https:\/\/www.restarframos.com\/en\/#organization","name":"ViMOS Technologies GmbH","alternateName":"ViMOS","url":"https:\/\/www.restarframos.com\/en\/","logo":{"@type":"ImageObject","inLanguage":"de","@id":"https:\/\/www.restarframos.com\/en\/#\/schema\/logo\/image\/","url":"https:\/\/www.restarframos.com\/wp-content\/uploads\/2021\/10\/RF_logo_color-1.png","contentUrl":"https:\/\/www.restarframos.com\/wp-content\/uploads\/2021\/10\/RF_logo_color-1.png","width":909,"height":467,"caption":"ViMOS Technologies GmbH"},"image":{"@id":"https:\/\/www.restarframos.com\/en\/#\/schema\/logo\/image\/"}}]}},"_links":{"self":[{"href":"https:\/\/www.restarframos.com\/de\/wp-json\/wp\/v2\/pages\/5395","targetHints":{"allow":["GET"]}}],"collection":[{"href":"https:\/\/www.restarframos.com\/de\/wp-json\/wp\/v2\/pages"}],"about":[{"href":"https:\/\/www.restarframos.com\/de\/wp-json\/wp\/v2\/types\/page"}],"author":[{"embeddable":true,"href":"https:\/\/www.restarframos.com\/de\/wp-json\/wp\/v2\/users\/1"}],"replies":[{"embeddable":true,"href":"https:\/\/www.restarframos.com\/de\/wp-json\/wp\/v2\/comments?post=5395"}],"version-history":[{"count":2,"href":"https:\/\/www.restarframos.com\/de\/wp-json\/wp\/v2\/pages\/5395\/revisions"}],"predecessor-version":[{"id":15086,"href":"https:\/\/www.restarframos.com\/de\/wp-json\/wp\/v2\/pages\/5395\/revisions\/15086"}],"up":[{"embeddable":true,"href":"https:\/\/www.restarframos.com\/de\/wp-json\/wp\/v2\/pages\/5397"}],"wp:featuredmedia":[{"embeddable":true,"href":"https:\/\/www.restarframos.com\/de\/wp-json\/wp\/v2\/media\/5196"}],"wp:attachment":[{"href":"https:\/\/www.restarframos.com\/de\/wp-json\/wp\/v2\/media?parent=5395"}],"curies":[{"name":"wp","href":"https:\/\/api.w.org\/{rel}","templated":true}]}}