{"id":5397,"date":"2021-11-07T12:45:58","date_gmt":"2021-11-07T11:45:58","guid":{"rendered":"http:\/\/www.vimos-technologies.com\/unternehmen"},"modified":"2025-10-08T20:37:10","modified_gmt":"2025-10-08T18:37:10","slug":"unternehmen","status":"publish","type":"page","link":"https:\/\/www.restarframos.com\/de\/unternehmen","title":{"rendered":"Unternehmen"},"content":{"rendered":"\t\t<div data-elementor-type=\"wp-page\" data-elementor-id=\"5397\" class=\"elementor elementor-5397 elementor-2735\" data-elementor-post-type=\"page\">\n\t\t\t\t\t\t<section class=\"elementor-section elementor-top-section elementor-element elementor-element-682b7b5 elementor-section-height-min-height elementor-section-stretched elementor-section-boxed elementor-section-height-default elementor-section-items-middle\" data-id=\"682b7b5\" data-element_type=\"section\" data-settings=\"{&quot;background_background&quot;:&quot;classic&quot;,&quot;stretch_section&quot;:&quot;section-stretched&quot;}\">\n\t\t\t\t\t\t\t<div class=\"elementor-background-overlay\"><\/div>\n\t\t\t\t\t\t\t<div class=\"elementor-container elementor-column-gap-default\">\n\t\t\t\t\t<div class=\"elementor-column elementor-col-100 elementor-top-column elementor-element elementor-element-7080abf\" data-id=\"7080abf\" data-element_type=\"column\" data-settings=\"{&quot;background_background&quot;:&quot;classic&quot;}\">\n\t\t\t<div class=\"elementor-widget-wrap elementor-element-populated\">\n\t\t\t\t\t<div class=\"elementor-background-overlay\"><\/div>\n\t\t\t\t\t\t<div class=\"elementor-element elementor-element-20b02d4 elementor-widget elementor-widget-heading\" data-id=\"20b02d4\" data-element_type=\"widget\" data-widget_type=\"heading.default\">\n\t\t\t\t<div class=\"elementor-widget-container\">\n\t\t\t\t\t<h1 class=\"elementor-heading-title elementor-size-large\">UNTERNEHMEN<\/h1>\t\t\t\t<\/div>\n\t\t\t\t<\/div>\n\t\t\t\t\t<\/div>\n\t\t<\/div>\n\t\t\t\t\t<\/div>\n\t\t<\/section>\n\t\t\t\t<section class=\"elementor-section elementor-top-section elementor-element elementor-element-be1be52 elementor-section-stretched elementor-section-boxed elementor-section-height-default elementor-section-height-default\" data-id=\"be1be52\" data-element_type=\"section\" data-settings=\"{&quot;stretch_section&quot;:&quot;section-stretched&quot;}\">\n\t\t\t\t\t\t<div class=\"elementor-container elementor-column-gap-default\">\n\t\t\t\t\t<div class=\"elementor-column elementor-col-100 elementor-top-column elementor-element elementor-element-c62c660\" data-id=\"c62c660\" data-element_type=\"column\">\n\t\t\t<div class=\"elementor-widget-wrap elementor-element-populated\">\n\t\t\t\t\t\t<div class=\"elementor-element elementor-element-3931a9e elementor-align-left elementor-widget elementor-widget-breadcrumbs\" data-id=\"3931a9e\" data-element_type=\"widget\" data-widget_type=\"breadcrumbs.default\">\n\t\t\t\t<div class=\"elementor-widget-container\">\n\t\t\t\t\t<p id=\"breadcrumbs\"><span><span><a href=\"https:\/\/www.restarframos.com\/en\">Home<\/a><\/span><\/span><\/p>\t\t\t\t<\/div>\n\t\t\t\t<\/div>\n\t\t\t\t\t<\/div>\n\t\t<\/div>\n\t\t\t\t\t<\/div>\n\t\t<\/section>\n\t\t\t\t<section class=\"elementor-section elementor-top-section elementor-element elementor-element-f40ca9c elementor-section-content-middle elementor-section-stretched elementor-section-boxed elementor-section-height-default elementor-section-height-default\" data-id=\"f40ca9c\" data-element_type=\"section\" data-settings=\"{&quot;stretch_section&quot;:&quot;section-stretched&quot;}\">\n\t\t\t\t\t\t<div class=\"elementor-container elementor-column-gap-no\">\n\t\t\t\t\t<div class=\"elementor-column elementor-col-100 elementor-top-column elementor-element elementor-element-d9b0f13\" data-id=\"d9b0f13\" data-element_type=\"column\">\n\t\t\t<div class=\"elementor-widget-wrap elementor-element-populated\">\n\t\t\t\t\t\t<section class=\"elementor-section elementor-inner-section elementor-element elementor-element-4250f7e elementor-section-boxed elementor-section-height-default elementor-section-height-default\" data-id=\"4250f7e\" data-element_type=\"section\">\n\t\t\t\t\t\t<div class=\"elementor-container elementor-column-gap-default\">\n\t\t\t\t\t<div class=\"elementor-column elementor-col-33 elementor-inner-column elementor-element elementor-element-c95da9b\" data-id=\"c95da9b\" data-element_type=\"column\">\n\t\t\t<div class=\"elementor-widget-wrap elementor-element-populated\">\n\t\t\t\t\t\t<div class=\"elementor-element elementor-element-85f1357 elementor-flip-box--effect-zoom-in elementor-widget elementor-widget-flip-box\" data-id=\"85f1357\" data-element_type=\"widget\" data-widget_type=\"flip-box.default\">\n\t\t\t\t<div class=\"elementor-widget-container\">\n\t\t\t\t\t\t\t<div class=\"elementor-flip-box\" tabindex=\"0\">\n\t\t\t<div class=\"elementor-flip-box__layer elementor-flip-box__front\">\n\t\t\t\t<div class=\"elementor-flip-box__layer__overlay\">\n\t\t\t\t\t<div class=\"elementor-flip-box__layer__inner\">\n\t\t\t\t\t\t\n\t\t\t\t\t\t\t\t\t\t\t\t\t<h3 class=\"elementor-flip-box__layer__title\">\n\t\t\t\t\t\t\t\t\u00dcber RESTAR FRAMOS\t\t\t\t\t\t\t<\/h3>\n\t\t\t\t\t\t\n\t\t\t\t\t\t\t\t\t\t\t<\/div>\n\t\t\t\t<\/div>\n\t\t\t<\/div>\n\t\t\t<div class=\"elementor-flip-box__layer elementor-flip-box__back\">\n\t\t\t<div class=\"elementor-flip-box__layer__overlay\">\n\t\t\t\t<div class=\"elementor-flip-box__layer__inner\">\n\t\t\t\t\t\n\t\t\t\t\t\t\t\t\t\t\t<div class=\"elementor-flip-box__layer__description\">\n\t\t\t\t\t\t\tRESTAR FRAMOS Technologies ist ein innovativer Halbleiter-Distributor mit fundiertem technischem Know-how, eigenem IP und Support sowie weltweiten Liefer-, Logistik- und Produktionsdienstleistungen.\t\t\t\t\t\t<\/div>\n\t\t\t\t\t\n\t\t\t\t\t\t\t\t\t\t\t<a class=\"elementor-flip-box__button elementor-button elementor-size-sm\" href=\"\/de\/unternehmen\/ueber-restar-framos\">\n\t\t\t\t\t\t\tMehr erfahren\t\t\t\t\t\t<\/a>\n\t\t\t\t\t\t\t\t<\/div>\n\t\t<\/div>\n\t\t<\/div>\n\t\t<\/div>\n\t\t\t\t\t\t<\/div>\n\t\t\t\t<\/div>\n\t\t\t\t\t<\/div>\n\t\t<\/div>\n\t\t\t\t<div class=\"elementor-column elementor-col-33 elementor-inner-column elementor-element elementor-element-dc61270\" data-id=\"dc61270\" data-element_type=\"column\">\n\t\t\t<div class=\"elementor-widget-wrap elementor-element-populated\">\n\t\t\t\t\t\t<div class=\"elementor-element elementor-element-18a2e22 elementor-flip-box--effect-zoom-in elementor-widget elementor-widget-flip-box\" data-id=\"18a2e22\" data-element_type=\"widget\" data-widget_type=\"flip-box.default\">\n\t\t\t\t<div class=\"elementor-widget-container\">\n\t\t\t\t\t\t\t<div class=\"elementor-flip-box\" tabindex=\"0\">\n\t\t\t<div class=\"elementor-flip-box__layer elementor-flip-box__front\">\n\t\t\t\t<div class=\"elementor-flip-box__layer__overlay\">\n\t\t\t\t\t<div class=\"elementor-flip-box__layer__inner\">\n\t\t\t\t\t\t\n\t\t\t\t\t\t\t\t\t\t\t\t\t<h3 class=\"elementor-flip-box__layer__title\">\n\t\t\t\t\t\t\t\tNews\t\t\t\t\t\t\t<\/h3>\n\t\t\t\t\t\t\n\t\t\t\t\t\t\t\t\t\t\t<\/div>\n\t\t\t\t<\/div>\n\t\t\t<\/div>\n\t\t\t<div class=\"elementor-flip-box__layer elementor-flip-box__back\">\n\t\t\t<div class=\"elementor-flip-box__layer__overlay\">\n\t\t\t\t<div class=\"elementor-flip-box__layer__inner\">\n\t\t\t\t\t\n\t\t\t\t\t\t\t\t\t\t\t<div class=\"elementor-flip-box__layer__description\">\n\t\t\t\t\t\t\tUnsere News informieren \u00fcber aktuelle Produktinnovationen, \u00fcber interessante Anwendungen und L\u00f6sungen sowie \u00fcber Veranstaltungen und Produktschulungen\t\t\t\t\t\t<\/div>\n\t\t\t\t\t\n\t\t\t\t\t\t\t\t\t\t\t<a class=\"elementor-flip-box__button elementor-button elementor-size-sm\" href=\"\/de\/news\">\n\t\t\t\t\t\t\tMehr erfahren\t\t\t\t\t\t<\/a>\n\t\t\t\t\t\t\t\t<\/div>\n\t\t<\/div>\n\t\t<\/div>\n\t\t<\/div>\n\t\t\t\t\t\t<\/div>\n\t\t\t\t<\/div>\n\t\t\t\t\t<\/div>\n\t\t<\/div>\n\t\t\t\t<div class=\"elementor-column elementor-col-33 elementor-inner-column elementor-element elementor-element-bf340a1\" data-id=\"bf340a1\" data-element_type=\"column\">\n\t\t\t<div class=\"elementor-widget-wrap elementor-element-populated\">\n\t\t\t\t\t\t<div class=\"elementor-element elementor-element-14a08fa elementor-flip-box--effect-zoom-in elementor-widget elementor-widget-flip-box\" data-id=\"14a08fa\" data-element_type=\"widget\" data-widget_type=\"flip-box.default\">\n\t\t\t\t<div class=\"elementor-widget-container\">\n\t\t\t\t\t\t\t<div class=\"elementor-flip-box\" tabindex=\"0\">\n\t\t\t<div class=\"elementor-flip-box__layer elementor-flip-box__front\">\n\t\t\t\t<div class=\"elementor-flip-box__layer__overlay\">\n\t\t\t\t\t<div class=\"elementor-flip-box__layer__inner\">\n\t\t\t\t\t\t\n\t\t\t\t\t\t\t\t\t\t\t\t\t<h3 class=\"elementor-flip-box__layer__title\">\n\t\t\t\t\t\t\t\tSupport\t\t\t\t\t\t\t<\/h3>\n\t\t\t\t\t\t\n\t\t\t\t\t\t\t\t\t\t\t<\/div>\n\t\t\t\t<\/div>\n\t\t\t<\/div>\n\t\t\t<div class=\"elementor-flip-box__layer elementor-flip-box__back\">\n\t\t\t<div class=\"elementor-flip-box__layer__overlay\">\n\t\t\t\t<div class=\"elementor-flip-box__layer__inner\">\n\t\t\t\t\t\n\t\t\t\t\t\t\t\t\t\t\t<div class=\"elementor-flip-box__layer__description\">\n\t\t\t\t\t\t\tUnser Team bietet ein tiefes technisches Verst\u00e4ndnis f\u00fcr eine Vielzahl von Anwendungen und unterst\u00fctzt unsere Kunden von der ersten Idee bis zur vollst\u00e4ndigen Produktion.\t\t\t\t\t\t<\/div>\n\t\t\t\t\t\n\t\t\t\t\t\t\t\t\t\t\t<a class=\"elementor-flip-box__button elementor-button elementor-size-sm\" href=\"\/de\/unternehmen\/support\">\n\t\t\t\t\t\t\tMehr erfahren\t\t\t\t\t\t<\/a>\n\t\t\t\t\t\t\t\t<\/div>\n\t\t<\/div>\n\t\t<\/div>\n\t\t<\/div>\n\t\t\t\t\t\t<\/div>\n\t\t\t\t<\/div>\n\t\t\t\t\t<\/div>\n\t\t<\/div>\n\t\t\t\t\t<\/div>\n\t\t<\/section>\n\t\t\t\t<section class=\"elementor-section elementor-inner-section elementor-element elementor-element-2765968 elementor-section-boxed elementor-section-height-default elementor-section-height-default\" data-id=\"2765968\" data-element_type=\"section\">\n\t\t\t\t\t\t<div class=\"elementor-container elementor-column-gap-default\">\n\t\t\t\t\t<div class=\"elementor-column elementor-col-33 elementor-inner-column elementor-element elementor-element-fe5096f\" data-id=\"fe5096f\" data-element_type=\"column\">\n\t\t\t<div class=\"elementor-widget-wrap elementor-element-populated\">\n\t\t\t\t\t\t<div class=\"elementor-element elementor-element-96bcb7e elementor-flip-box--effect-zoom-in elementor-widget elementor-widget-flip-box\" data-id=\"96bcb7e\" data-element_type=\"widget\" data-widget_type=\"flip-box.default\">\n\t\t\t\t<div class=\"elementor-widget-container\">\n\t\t\t\t\t\t\t<div class=\"elementor-flip-box\" tabindex=\"0\">\n\t\t\t<div class=\"elementor-flip-box__layer elementor-flip-box__front\">\n\t\t\t\t<div class=\"elementor-flip-box__layer__overlay\">\n\t\t\t\t\t<div class=\"elementor-flip-box__layer__inner\">\n\t\t\t\t\t\t\n\t\t\t\t\t\t\t\t\t\t\t\t\t<h3 class=\"elementor-flip-box__layer__title\">\n\t\t\t\t\t\t\t\tJobs\t\t\t\t\t\t\t<\/h3>\n\t\t\t\t\t\t\n\t\t\t\t\t\t\t\t\t\t\t<\/div>\n\t\t\t\t<\/div>\n\t\t\t<\/div>\n\t\t\t<div class=\"elementor-flip-box__layer elementor-flip-box__back\">\n\t\t\t<div class=\"elementor-flip-box__layer__overlay\">\n\t\t\t\t<div class=\"elementor-flip-box__layer__inner\">\n\t\t\t\t\t\n\t\t\t\t\t\t\t\t\t\t\t<div class=\"elementor-flip-box__layer__description\">\n\t\t\t\t\t\t\tM\u00f6chten Sie in einem Team von Halbleiterprofis arbeiten? Bewerben Sie sich jetzt und werden Sie ein Teil des Erfolgs von RESTAR FRAMOS\t\t\t\t\t\t<\/div>\n\t\t\t\t\t\n\t\t\t\t\t\t\t\t\t\t\t<a class=\"elementor-flip-box__button elementor-button elementor-size-sm\" href=\"\/de\/unternehmen\/jobs\">\n\t\t\t\t\t\t\tMehr erfahren\t\t\t\t\t\t<\/a>\n\t\t\t\t\t\t\t\t<\/div>\n\t\t<\/div>\n\t\t<\/div>\n\t\t<\/div>\n\t\t\t\t\t\t<\/div>\n\t\t\t\t<\/div>\n\t\t\t\t\t<\/div>\n\t\t<\/div>\n\t\t\t\t<div class=\"elementor-column elementor-col-33 elementor-inner-column elementor-element elementor-element-1a5d2dd\" data-id=\"1a5d2dd\" data-element_type=\"column\">\n\t\t\t<div class=\"elementor-widget-wrap\">\n\t\t\t\t\t\t\t<\/div>\n\t\t<\/div>\n\t\t\t\t<div class=\"elementor-column elementor-col-33 elementor-inner-column elementor-element elementor-element-723de6f\" data-id=\"723de6f\" data-element_type=\"column\">\n\t\t\t<div class=\"elementor-widget-wrap\">\n\t\t\t\t\t\t\t<\/div>\n\t\t<\/div>\n\t\t\t\t\t<\/div>\n\t\t<\/section>\n\t\t\t\t\t<\/div>\n\t\t<\/div>\n\t\t\t\t\t<\/div>\n\t\t<\/section>\n\t\t\t\t<\/div>\n\t\t","protected":false},"excerpt":{"rendered":"<p>UNTERNEHMEN \u00dcber RESTAR FRAMOS RESTAR FRAMOS Technologies ist ein innovativer Halbleiter-Distributor mit fundiertem technischem Know-how, eigenem IP und Support sowie weltweiten Liefer-, Logistik- und Produktionsdienstleistungen. Mehr erfahren News Unsere News informieren \u00fcber aktuelle Produktinnovationen, \u00fcber interessante Anwendungen und L\u00f6sungen sowie \u00fcber Veranstaltungen und Produktschulungen Mehr erfahren Support Unser Team bietet ein tiefes technisches Verst\u00e4ndnis f\u00fcr &hellip; <\/p>\n<p class=\"link-more\"><a href=\"https:\/\/www.restarframos.com\/de\/unternehmen\" class=\"more-link\"><span class=\"screen-reader-text\">\u201eUnternehmen\u201c<\/span> weiterlesen<\/a><\/p>\n","protected":false},"author":1,"featured_media":0,"parent":0,"menu_order":0,"comment_status":"closed","ping_status":"closed","template":"","meta":{"content-type":"","footnotes":""},"class_list":["post-5397","page","type-page","status-publish","hentry","entry"],"yoast_head":"<!-- This site is optimized with the Yoast SEO plugin v24.1 - https:\/\/yoast.com\/wordpress\/plugins\/seo\/ -->\n<title>Unternehmen - RESTAR FRAMOS Technologies<\/title>\n<meta name=\"robots\" content=\"index, follow, max-snippet:-1, max-image-preview:large, max-video-preview:-1\" \/>\n<link rel=\"canonical\" href=\"https:\/\/www.restarframos.com\/en\/company\" \/>\n<meta property=\"og:locale\" content=\"de_DE\" \/>\n<meta property=\"og:type\" content=\"article\" \/>\n<meta property=\"og:title\" content=\"Unternehmen - RESTAR FRAMOS Technologies\" \/>\n<meta property=\"og:description\" content=\"UNTERNEHMEN \u00dcber RESTAR FRAMOS RESTAR FRAMOS Technologies ist ein innovativer Halbleiter-Distributor mit fundiertem technischem Know-how, eigenem IP und Support sowie weltweiten Liefer-, Logistik- und Produktionsdienstleistungen. Mehr erfahren News Unsere News informieren \u00fcber aktuelle Produktinnovationen, \u00fcber interessante Anwendungen und L\u00f6sungen sowie \u00fcber Veranstaltungen und Produktschulungen Mehr erfahren Support Unser Team bietet ein tiefes technisches Verst\u00e4ndnis f\u00fcr &hellip; \u201eUnternehmen\u201c weiterlesen\" \/>\n<meta property=\"og:url\" content=\"https:\/\/www.restarframos.com\/en\/company\" \/>\n<meta property=\"og:site_name\" content=\"RESTAR FRAMOS Technologies\" \/>\n<meta property=\"article:modified_time\" content=\"2025-10-08T18:37:10+00:00\" \/>\n<meta name=\"twitter:card\" content=\"summary_large_image\" \/>\n<meta name=\"twitter:label1\" content=\"Gesch\u00e4tzte Lesezeit\" \/>\n\t<meta name=\"twitter:data1\" content=\"1\u00a0Minute\" \/>\n<script type=\"application\/ld+json\" class=\"yoast-schema-graph\">{\"@context\":\"https:\/\/schema.org\",\"@graph\":[{\"@type\":\"WebPage\",\"@id\":\"https:\/\/www.restarframos.com\/en\/company\",\"url\":\"https:\/\/www.restarframos.com\/en\/company\",\"name\":\"Unternehmen - RESTAR FRAMOS Technologies\",\"isPartOf\":{\"@id\":\"https:\/\/www.restarframos.com\/en\/#website\"},\"datePublished\":\"2021-11-07T11:45:58+00:00\",\"dateModified\":\"2025-10-08T18:37:10+00:00\",\"breadcrumb\":{\"@id\":\"https:\/\/www.restarframos.com\/en\/company#breadcrumb\"},\"inLanguage\":\"de\",\"potentialAction\":[{\"@type\":\"ReadAction\",\"target\":[\"https:\/\/www.restarframos.com\/en\/company\"]}]},{\"@type\":\"BreadcrumbList\",\"@id\":\"https:\/\/www.restarframos.com\/en\/company#breadcrumb\",\"itemListElement\":[{\"@type\":\"ListItem\",\"position\":1,\"name\":\"Home\",\"item\":\"https:\/\/www.restarframos.com\/en\"},{\"@type\":\"ListItem\",\"position\":2,\"name\":\"Unternehmen\"}]},{\"@type\":\"WebSite\",\"@id\":\"https:\/\/www.restarframos.com\/en\/#website\",\"url\":\"https:\/\/www.restarframos.com\/en\/\",\"name\":\"ViMOS Technologies GmbH\",\"description\":\"Innovation | Solution | Distribution\",\"publisher\":{\"@id\":\"https:\/\/www.restarframos.com\/en\/#organization\"},\"potentialAction\":[{\"@type\":\"SearchAction\",\"target\":{\"@type\":\"EntryPoint\",\"urlTemplate\":\"https:\/\/www.restarframos.com\/en\/?s={search_term_string}\"},\"query-input\":{\"@type\":\"PropertyValueSpecification\",\"valueRequired\":true,\"valueName\":\"search_term_string\"}}],\"inLanguage\":\"de\"},{\"@type\":\"Organization\",\"@id\":\"https:\/\/www.restarframos.com\/en\/#organization\",\"name\":\"ViMOS Technologies GmbH\",\"alternateName\":\"ViMOS\",\"url\":\"https:\/\/www.restarframos.com\/en\/\",\"logo\":{\"@type\":\"ImageObject\",\"inLanguage\":\"de\",\"@id\":\"https:\/\/www.restarframos.com\/en\/#\/schema\/logo\/image\/\",\"url\":\"https:\/\/www.restarframos.com\/wp-content\/uploads\/2021\/10\/RF_logo_color-1.png\",\"contentUrl\":\"https:\/\/www.restarframos.com\/wp-content\/uploads\/2021\/10\/RF_logo_color-1.png\",\"width\":909,\"height\":467,\"caption\":\"ViMOS Technologies GmbH\"},\"image\":{\"@id\":\"https:\/\/www.restarframos.com\/en\/#\/schema\/logo\/image\/\"}}]}<\/script>\n<!-- \/ Yoast SEO plugin. -->","yoast_head_json":{"title":"Unternehmen - RESTAR FRAMOS Technologies","robots":{"index":"index","follow":"follow","max-snippet":"max-snippet:-1","max-image-preview":"max-image-preview:large","max-video-preview":"max-video-preview:-1"},"canonical":"https:\/\/www.restarframos.com\/en\/company","og_locale":"de_DE","og_type":"article","og_title":"Unternehmen - RESTAR FRAMOS Technologies","og_description":"UNTERNEHMEN \u00dcber RESTAR FRAMOS RESTAR FRAMOS Technologies ist ein innovativer Halbleiter-Distributor mit fundiertem technischem Know-how, eigenem IP und Support sowie weltweiten Liefer-, Logistik- und Produktionsdienstleistungen. Mehr erfahren News Unsere News informieren \u00fcber aktuelle Produktinnovationen, \u00fcber interessante Anwendungen und L\u00f6sungen sowie \u00fcber Veranstaltungen und Produktschulungen Mehr erfahren Support Unser Team bietet ein tiefes technisches Verst\u00e4ndnis f\u00fcr &hellip; \u201eUnternehmen\u201c weiterlesen","og_url":"https:\/\/www.restarframos.com\/en\/company","og_site_name":"RESTAR FRAMOS Technologies","article_modified_time":"2025-10-08T18:37:10+00:00","twitter_card":"summary_large_image","twitter_misc":{"Gesch\u00e4tzte Lesezeit":"1\u00a0Minute"},"schema":{"@context":"https:\/\/schema.org","@graph":[{"@type":"WebPage","@id":"https:\/\/www.restarframos.com\/en\/company","url":"https:\/\/www.restarframos.com\/en\/company","name":"Unternehmen - RESTAR FRAMOS Technologies","isPartOf":{"@id":"https:\/\/www.restarframos.com\/en\/#website"},"datePublished":"2021-11-07T11:45:58+00:00","dateModified":"2025-10-08T18:37:10+00:00","breadcrumb":{"@id":"https:\/\/www.restarframos.com\/en\/company#breadcrumb"},"inLanguage":"de","potentialAction":[{"@type":"ReadAction","target":["https:\/\/www.restarframos.com\/en\/company"]}]},{"@type":"BreadcrumbList","@id":"https:\/\/www.restarframos.com\/en\/company#breadcrumb","itemListElement":[{"@type":"ListItem","position":1,"name":"Home","item":"https:\/\/www.restarframos.com\/en"},{"@type":"ListItem","position":2,"name":"Unternehmen"}]},{"@type":"WebSite","@id":"https:\/\/www.restarframos.com\/en\/#website","url":"https:\/\/www.restarframos.com\/en\/","name":"ViMOS Technologies GmbH","description":"Innovation | Solution | Distribution","publisher":{"@id":"https:\/\/www.restarframos.com\/en\/#organization"},"potentialAction":[{"@type":"SearchAction","target":{"@type":"EntryPoint","urlTemplate":"https:\/\/www.restarframos.com\/en\/?s={search_term_string}"},"query-input":{"@type":"PropertyValueSpecification","valueRequired":true,"valueName":"search_term_string"}}],"inLanguage":"de"},{"@type":"Organization","@id":"https:\/\/www.restarframos.com\/en\/#organization","name":"ViMOS Technologies GmbH","alternateName":"ViMOS","url":"https:\/\/www.restarframos.com\/en\/","logo":{"@type":"ImageObject","inLanguage":"de","@id":"https:\/\/www.restarframos.com\/en\/#\/schema\/logo\/image\/","url":"https:\/\/www.restarframos.com\/wp-content\/uploads\/2021\/10\/RF_logo_color-1.png","contentUrl":"https:\/\/www.restarframos.com\/wp-content\/uploads\/2021\/10\/RF_logo_color-1.png","width":909,"height":467,"caption":"ViMOS Technologies GmbH"},"image":{"@id":"https:\/\/www.restarframos.com\/en\/#\/schema\/logo\/image\/"}}]}},"_links":{"self":[{"href":"https:\/\/www.restarframos.com\/de\/wp-json\/wp\/v2\/pages\/5397","targetHints":{"allow":["GET"]}}],"collection":[{"href":"https:\/\/www.restarframos.com\/de\/wp-json\/wp\/v2\/pages"}],"about":[{"href":"https:\/\/www.restarframos.com\/de\/wp-json\/wp\/v2\/types\/page"}],"author":[{"embeddable":true,"href":"https:\/\/www.restarframos.com\/de\/wp-json\/wp\/v2\/users\/1"}],"replies":[{"embeddable":true,"href":"https:\/\/www.restarframos.com\/de\/wp-json\/wp\/v2\/comments?post=5397"}],"version-history":[{"count":21,"href":"https:\/\/www.restarframos.com\/de\/wp-json\/wp\/v2\/pages\/5397\/revisions"}],"predecessor-version":[{"id":15083,"href":"https:\/\/www.restarframos.com\/de\/wp-json\/wp\/v2\/pages\/5397\/revisions\/15083"}],"wp:attachment":[{"href":"https:\/\/www.restarframos.com\/de\/wp-json\/wp\/v2\/media?parent=5397"}],"curies":[{"name":"wp","href":"https:\/\/api.w.org\/{rel}","templated":true}]}}