{"id":5459,"date":"2021-11-07T13:03:56","date_gmt":"2021-11-07T12:03:56","guid":{"rendered":"http:\/\/www.vimos-technologies.com\/produkte\/memory\/quadruple-sram"},"modified":"2021-11-08T14:10:13","modified_gmt":"2021-11-08T13:10:13","slug":"quadruple-sram","status":"publish","type":"page","link":"https:\/\/www.restarframos.com\/de\/produkte\/memory\/quadruple-sram","title":{"rendered":"Quadruple SRAM"},"content":{"rendered":"\t\t<div data-elementor-type=\"wp-page\" data-elementor-id=\"5459\" class=\"elementor elementor-5459 elementor-2613\" data-elementor-post-type=\"page\">\n\t\t\t\t\t\t<section class=\"elementor-section elementor-top-section elementor-element elementor-element-1671fa0 elementor-section-stretched elementor-hidden-tablet elementor-hidden-phone elementor-section-boxed elementor-section-height-default elementor-section-height-default\" data-id=\"1671fa0\" data-element_type=\"section\" data-settings=\"{&quot;background_background&quot;:&quot;classic&quot;,&quot;stretch_section&quot;:&quot;section-stretched&quot;}\">\n\t\t\t\t\t\t\t<div class=\"elementor-background-overlay\"><\/div>\n\t\t\t\t\t\t\t<div class=\"elementor-container elementor-column-gap-no\">\n\t\t\t\t\t<div class=\"elementor-column elementor-col-50 elementor-top-column elementor-element elementor-element-ba02143\" data-id=\"ba02143\" data-element_type=\"column\" data-settings=\"{&quot;background_background&quot;:&quot;classic&quot;}\">\n\t\t\t<div class=\"elementor-widget-wrap elementor-element-populated\">\n\t\t\t\t\t\t<div class=\"elementor-element elementor-element-c64f0f2 elementor-widget elementor-widget-text-editor\" data-id=\"c64f0f2\" data-element_type=\"widget\" data-widget_type=\"text-editor.default\">\n\t\t\t\t<div class=\"elementor-widget-container\">\n\t\t\t\t\t\t\t\t\t<div class=\"emotion--element col-1 row-1 start-col-1 start-row-1 col-xs-4 start-col-xs-1 row-xs-4 start-row-xs-1 col-s-4 start-col-s-1 row-s-4 start-row-s-1 col-m-4 start-col-m-1 row-m-3 start-row-m-1 col-l-4 start-col-l-1 row-l-3 start-row-l-1 col-xl-4 start-col-xl-1 row-xl-6 start-row-xl-1 aos-init aos-animate\" data-aos=\"fade-up\"><div class=\"emotion--digital-publishing\"><div class=\"dig-pub\" data-digitalpublishing=\"true\"><div class=\"dig-pub--layer center center\"><div class=\"layer--wrapper\"><div class=\"layer--content\"><div class=\"dig-pub--text aos-init aos-animate\" data-aos=\"fade-up\"><div class=\"emotion--element col-1 row-1 start-col-1 start-row-1 col-xs-4 start-col-xs-1 row-xs-4 start-row-xs-1 col-s-4 start-col-s-1 row-s-4 start-row-s-1 col-m-4 start-col-m-1 row-m-3 start-row-m-1 col-l-4 start-col-l-1 row-l-3 start-row-l-1 col-xl-4 start-col-xl-1 row-xl-6 start-row-xl-1 aos-init aos-animate\" data-aos=\"fade-up\"><div class=\"emotion--digital-publishing\"><div class=\"dig-pub\" data-digitalpublishing=\"true\"><div class=\"dig-pub--layer center center\"><div class=\"layer--wrapper\"><div class=\"layer--content\"><div class=\"dig-pub--text aos-init aos-animate\" data-aos=\"fade-up\"><div class=\"emotion--element col-1 row-1 start-col-1 start-row-1 col-xs-4 start-col-xs-1 row-xs-4 start-row-xs-1 col-s-4 start-col-s-1 row-s-4 start-row-s-1 col-m-4 start-col-m-1 row-m-3 start-row-m-1 col-l-4 start-col-l-1 row-l-3 start-row-l-1 col-xl-4 start-col-xl-1 row-xl-6 start-row-xl-1 aos-init aos-animate\" data-aos=\"fade-up\"><div class=\"emotion--digital-publishing\"><div class=\"dig-pub\" data-digitalpublishing=\"true\"><div class=\"dig-pub--layer center center\"><div class=\"layer--wrapper\"><div class=\"layer--content\"><div class=\"dig-pub--text aos-init aos-animate\" data-aos=\"fade-up\"><p class=\"digital-publishing-fluid-text-93 dig--pub-transparent-bg-grey\">ViMOS Technologies bietet qualitativ hochwertige Produkte mit hervorragender Produktverf\u00fcgbarkeit. Wir haben viele gefragte Teile auf Lager und k\u00f6nnen alle Sub-MOQs-Anfragen erf\u00fcllen. Bitte nehmen Sie <a href=\"mailto:info@vimos-technologies.com\">Kontakt<\/a> mit uns auf<\/p><\/div><\/div><\/div><\/div><\/div><\/div><\/div><\/div><\/div><\/div><\/div><\/div><\/div><\/div><\/div><\/div><\/div><\/div><\/div><\/div><\/div>\t\t\t\t\t\t\t\t<\/div>\n\t\t\t\t<\/div>\n\t\t\t\t<div class=\"elementor-element elementor-element-d2554af elementor-hidden-desktop elementor-hidden-tablet elementor-hidden-mobile elementor-widget elementor-widget-button\" data-id=\"d2554af\" data-element_type=\"widget\" data-widget_type=\"button.default\">\n\t\t\t\t<div class=\"elementor-widget-container\">\n\t\t\t\t\t\t\t\t\t<div class=\"elementor-button-wrapper\">\n\t\t\t\t\t<a class=\"elementor-button elementor-button-link elementor-size-sm\" href=\"#learn-more\">\n\t\t\t\t\t\t<span class=\"elementor-button-content-wrapper\">\n\t\t\t\t\t\t\t\t\t<span class=\"elementor-button-text\">Mehr erfahren<\/span>\n\t\t\t\t\t<\/span>\n\t\t\t\t\t<\/a>\n\t\t\t\t<\/div>\n\t\t\t\t\t\t\t\t<\/div>\n\t\t\t\t<\/div>\n\t\t\t\t\t<\/div>\n\t\t<\/div>\n\t\t\t\t<div class=\"elementor-column elementor-col-50 elementor-top-column elementor-element elementor-element-1ef32bf\" data-id=\"1ef32bf\" data-element_type=\"column\" data-settings=\"{&quot;background_background&quot;:&quot;classic&quot;}\">\n\t\t\t<div class=\"elementor-widget-wrap\">\n\t\t\t\t\t\t\t<\/div>\n\t\t<\/div>\n\t\t\t\t\t<\/div>\n\t\t<\/section>\n\t\t\t\t<section class=\"elementor-section elementor-top-section elementor-element elementor-element-b335723 elementor-section-full_width elementor-section-stretched elementor-hidden-desktop elementor-section-height-default elementor-section-height-default\" data-id=\"b335723\" data-element_type=\"section\" data-settings=\"{&quot;background_background&quot;:&quot;classic&quot;,&quot;stretch_section&quot;:&quot;section-stretched&quot;}\">\n\t\t\t\t\t\t\t<div class=\"elementor-background-overlay\"><\/div>\n\t\t\t\t\t\t\t<div class=\"elementor-container elementor-column-gap-no\">\n\t\t\t\t\t<div class=\"elementor-column elementor-col-100 elementor-top-column elementor-element elementor-element-6588e02\" data-id=\"6588e02\" data-element_type=\"column\" data-settings=\"{&quot;background_background&quot;:&quot;classic&quot;}\">\n\t\t\t<div class=\"elementor-widget-wrap elementor-element-populated\">\n\t\t\t\t\t\t<div class=\"elementor-element elementor-element-949fc72 elementor-widget elementor-widget-text-editor\" data-id=\"949fc72\" data-element_type=\"widget\" data-widget_type=\"text-editor.default\">\n\t\t\t\t<div class=\"elementor-widget-container\">\n\t\t\t\t\t\t\t\t\t<div class=\"emotion--element col-1 row-1 start-col-1 start-row-1 col-xs-4 start-col-xs-1 row-xs-4 start-row-xs-1 col-s-4 start-col-s-1 row-s-4 start-row-s-1 col-m-4 start-col-m-1 row-m-3 start-row-m-1 col-l-4 start-col-l-1 row-l-3 start-row-l-1 col-xl-4 start-col-xl-1 row-xl-6 start-row-xl-1 aos-init aos-animate\" data-aos=\"fade-up\"><div class=\"emotion--digital-publishing\"><div class=\"dig-pub\" data-digitalpublishing=\"true\"><div class=\"dig-pub--layer center center\"><div class=\"layer--wrapper\"><div class=\"layer--content\"><div class=\"dig-pub--text aos-init aos-animate\" data-aos=\"fade-up\"><div class=\"emotion--element col-1 row-1 start-col-1 start-row-1 col-xs-4 start-col-xs-1 row-xs-4 start-row-xs-1 col-s-4 start-col-s-1 row-s-4 start-row-s-1 col-m-4 start-col-m-1 row-m-3 start-row-m-1 col-l-4 start-col-l-1 row-l-3 start-row-l-1 col-xl-4 start-col-xl-1 row-xl-6 start-row-xl-1 aos-init aos-animate\" data-aos=\"fade-up\"><div class=\"emotion--digital-publishing\"><div class=\"dig-pub\" data-digitalpublishing=\"true\"><div class=\"dig-pub--layer center center\"><div class=\"layer--wrapper\"><div class=\"layer--content\"><div class=\"dig-pub--text aos-init aos-animate\" data-aos=\"fade-up\"><div class=\"emotion--element col-1 row-1 start-col-1 start-row-1 col-xs-4 start-col-xs-1 row-xs-4 start-row-xs-1 col-s-4 start-col-s-1 row-s-4 start-row-s-1 col-m-4 start-col-m-1 row-m-3 start-row-m-1 col-l-4 start-col-l-1 row-l-3 start-row-l-1 col-xl-4 start-col-xl-1 row-xl-6 start-row-xl-1 aos-init aos-animate\" data-aos=\"fade-up\"><div class=\"emotion--digital-publishing\"><div class=\"dig-pub\" data-digitalpublishing=\"true\"><div class=\"dig-pub--layer center center\"><div class=\"layer--wrapper\"><div class=\"layer--content\"><div class=\"dig-pub--text aos-init aos-animate\" data-aos=\"fade-up\"><div class=\"emotion--element col-1 row-1 start-col-1 start-row-1 col-xs-4 start-col-xs-1 row-xs-4 start-row-xs-1 col-s-4 start-col-s-1 row-s-4 start-row-s-1 col-m-4 start-col-m-1 row-m-3 start-row-m-1 col-l-4 start-col-l-1 row-l-3 start-row-l-1 col-xl-4 start-col-xl-1 row-xl-6 start-row-xl-1 aos-init aos-animate\" data-aos=\"fade-up\"><div class=\"emotion--digital-publishing\"><div class=\"dig-pub\" data-digitalpublishing=\"true\"><div class=\"dig-pub--layer center center\"><div class=\"layer--wrapper\"><div class=\"layer--content\"><div class=\"dig-pub--text aos-init aos-animate\" data-aos=\"fade-up\"><div class=\"emotion--element col-1 row-1 start-col-1 start-row-1 col-xs-4 start-col-xs-1 row-xs-4 start-row-xs-1 col-s-4 start-col-s-1 row-s-4 start-row-s-1 col-m-4 start-col-m-1 row-m-3 start-row-m-1 col-l-4 start-col-l-1 row-l-3 start-row-l-1 col-xl-4 start-col-xl-1 row-xl-6 start-row-xl-1 aos-init aos-animate\" data-aos=\"fade-up\"><div class=\"emotion--digital-publishing\"><div class=\"dig-pub\" data-digitalpublishing=\"true\"><div class=\"dig-pub--layer center center\"><div class=\"layer--wrapper\"><div class=\"layer--content\"><div class=\"dig-pub--text aos-init aos-animate\" data-aos=\"fade-up\"><div class=\"emotion--element col-1 row-1 start-col-1 start-row-1 col-xs-4 start-col-xs-1 row-xs-4 start-row-xs-1 col-s-4 start-col-s-1 row-s-4 start-row-s-1 col-m-4 start-col-m-1 row-m-3 start-row-m-1 col-l-4 start-col-l-1 row-l-3 start-row-l-1 col-xl-4 start-col-xl-1 row-xl-6 start-row-xl-1 aos-init aos-animate\" data-aos=\"fade-up\"><div class=\"emotion--digital-publishing\"><div class=\"dig-pub\" data-digitalpublishing=\"true\"><div class=\"dig-pub--layer center center\"><div class=\"layer--wrapper\"><div class=\"layer--content\"><div class=\"dig-pub--text aos-init aos-animate\" data-aos=\"fade-up\"><p class=\"digital-publishing-fluid-text-93 dig--pub-transparent-bg-grey\">ViMOS Technologies bietet qualitativ hochwertige Produkte mit hervorragender Produktverf\u00fcgbarkeit. Wir haben viele gefragte Teile auf Lager und k\u00f6nnen alle Sub-MOQs-Anfragen erf\u00fcllen. Bitte nehmen Sie <a href=\"mailto:info@vimos-technologies.com\">Kontakt <\/a>mit uns auf<\/p><\/div><\/div><\/div><\/div><\/div><\/div><\/div><\/div><\/div><\/div><\/div><\/div><\/div><\/div><\/div><\/div><\/div><\/div><\/div><\/div><\/div><\/div><\/div><\/div><\/div><\/div><\/div><\/div><\/div><\/div><\/div><\/div><\/div><\/div><\/div><\/div><\/div><\/div><\/div><\/div><\/div><\/div>\t\t\t\t\t\t\t\t<\/div>\n\t\t\t\t<\/div>\n\t\t\t\t<div class=\"elementor-element elementor-element-b489eb1 elementor-hidden-desktop elementor-hidden-tablet elementor-hidden-mobile elementor-widget elementor-widget-button\" data-id=\"b489eb1\" data-element_type=\"widget\" data-widget_type=\"button.default\">\n\t\t\t\t<div class=\"elementor-widget-container\">\n\t\t\t\t\t\t\t\t\t<div class=\"elementor-button-wrapper\">\n\t\t\t\t\t<a class=\"elementor-button elementor-button-link elementor-size-sm\" href=\"#learn-more\">\n\t\t\t\t\t\t<span class=\"elementor-button-content-wrapper\">\n\t\t\t\t\t\t\t\t\t<span class=\"elementor-button-text\">Mehr erfahren<\/span>\n\t\t\t\t\t<\/span>\n\t\t\t\t\t<\/a>\n\t\t\t\t<\/div>\n\t\t\t\t\t\t\t\t<\/div>\n\t\t\t\t<\/div>\n\t\t\t\t\t<\/div>\n\t\t<\/div>\n\t\t\t\t\t<\/div>\n\t\t<\/section>\n\t\t\t\t<section class=\"elementor-section elementor-top-section elementor-element elementor-element-94d1a28 elementor-section-boxed elementor-section-height-default elementor-section-height-default\" data-id=\"94d1a28\" data-element_type=\"section\">\n\t\t\t\t\t\t<div class=\"elementor-container elementor-column-gap-default\">\n\t\t\t\t\t<div class=\"elementor-column elementor-col-100 elementor-top-column elementor-element elementor-element-ea2b9dc\" data-id=\"ea2b9dc\" data-element_type=\"column\">\n\t\t\t<div class=\"elementor-widget-wrap elementor-element-populated\">\n\t\t\t\t\t\t<div class=\"elementor-element elementor-element-9503e95 elementor-widget elementor-widget-image\" data-id=\"9503e95\" data-element_type=\"widget\" data-widget_type=\"image.default\">\n\t\t\t\t<div class=\"elementor-widget-container\">\n\t\t\t\t\t\t\t\t\t\t\t\t\t\t\t<img fetchpriority=\"high\" decoding=\"async\" width=\"640\" height=\"794\" src=\"https:\/\/www.restarframos.com\/wp-content\/uploads\/2021\/11\/QDR-SRAM-825x1024.png\" class=\"attachment-large size-large wp-image-5026\" alt=\"\" srcset=\"https:\/\/www.restarframos.com\/wp-content\/uploads\/2021\/11\/QDR-SRAM-825x1024.png 825w, https:\/\/www.restarframos.com\/wp-content\/uploads\/2021\/11\/QDR-SRAM-242x300.png 242w, https:\/\/www.restarframos.com\/wp-content\/uploads\/2021\/11\/QDR-SRAM-768x953.png 768w, https:\/\/www.restarframos.com\/wp-content\/uploads\/2021\/11\/QDR-SRAM-1238x1536.png 1238w, https:\/\/www.restarframos.com\/wp-content\/uploads\/2021\/11\/QDR-SRAM-450x558.png 450w, https:\/\/www.restarframos.com\/wp-content\/uploads\/2021\/11\/QDR-SRAM.png 1336w\" sizes=\"(max-width: 34.9rem) calc(100vw - 2rem), (max-width: 53rem) calc(8 * (100vw \/ 12)), (min-width: 53rem) calc(6 * (100vw \/ 12)), 100vw\" \/>\t\t\t\t\t\t\t\t\t\t\t\t\t\t\t<\/div>\n\t\t\t\t<\/div>\n\t\t\t\t\t<\/div>\n\t\t<\/div>\n\t\t\t\t\t<\/div>\n\t\t<\/section>\n\t\t\t\t<\/div>\n\t\t","protected":false},"excerpt":{"rendered":"<p>ViMOS Technologies bietet qualitativ hochwertige Produkte mit hervorragender Produktverf\u00fcgbarkeit. Wir haben viele gefragte Teile auf Lager und k\u00f6nnen alle Sub-MOQs-Anfragen erf\u00fcllen. Bitte nehmen Sie Kontakt mit uns auf Mehr erfahren ViMOS Technologies bietet qualitativ hochwertige Produkte mit hervorragender Produktverf\u00fcgbarkeit. Wir haben viele gefragte Teile auf Lager und k\u00f6nnen alle Sub-MOQs-Anfragen erf\u00fcllen. Bitte nehmen Sie Kontakt &hellip; <\/p>\n<p class=\"link-more\"><a href=\"https:\/\/www.restarframos.com\/de\/produkte\/memory\/quadruple-sram\" class=\"more-link\"><span class=\"screen-reader-text\">\u201eQuadruple SRAM\u201c<\/span> weiterlesen<\/a><\/p>\n","protected":false},"author":1,"featured_media":4888,"parent":5437,"menu_order":0,"comment_status":"closed","ping_status":"open","template":"","meta":{"content-type":"","footnotes":""},"class_list":["post-5459","page","type-page","status-publish","has-post-thumbnail","hentry","entry"],"yoast_head":"<!-- This site is optimized with the Yoast SEO plugin v24.1 - https:\/\/yoast.com\/wordpress\/plugins\/seo\/ -->\n<title>Quadruple SRAM - RESTAR FRAMOS Technologies<\/title>\n<meta name=\"robots\" content=\"index, follow, max-snippet:-1, max-image-preview:large, max-video-preview:-1\" \/>\n<link rel=\"canonical\" href=\"https:\/\/www.restarframos.com\/de\/produkte\/memory\/quadruple-sram\" \/>\n<meta property=\"og:locale\" content=\"de_DE\" \/>\n<meta property=\"og:type\" content=\"article\" \/>\n<meta property=\"og:title\" content=\"Quadruple SRAM - RESTAR FRAMOS Technologies\" \/>\n<meta property=\"og:description\" content=\"ViMOS Technologies bietet qualitativ hochwertige Produkte mit hervorragender Produktverf\u00fcgbarkeit. Wir haben viele gefragte Teile auf Lager und k\u00f6nnen alle Sub-MOQs-Anfragen erf\u00fcllen. Bitte nehmen Sie Kontakt mit uns auf Mehr erfahren ViMOS Technologies bietet qualitativ hochwertige Produkte mit hervorragender Produktverf\u00fcgbarkeit. Wir haben viele gefragte Teile auf Lager und k\u00f6nnen alle Sub-MOQs-Anfragen erf\u00fcllen. Bitte nehmen Sie Kontakt &hellip; \u201eQuadruple SRAM\u201c weiterlesen\" \/>\n<meta property=\"og:url\" content=\"https:\/\/www.restarframos.com\/de\/produkte\/memory\/quadruple-sram\" \/>\n<meta property=\"og:site_name\" content=\"RESTAR FRAMOS Technologies\" \/>\n<meta property=\"article:modified_time\" content=\"2021-11-08T13:10:13+00:00\" \/>\n<meta property=\"og:image\" content=\"https:\/\/www.restarframos.com\/wp-content\/uploads\/2021\/11\/Memory_Banner.jpg\" \/>\n\t<meta property=\"og:image:width\" content=\"1920\" \/>\n\t<meta property=\"og:image:height\" content=\"290\" \/>\n\t<meta property=\"og:image:type\" content=\"image\/jpeg\" \/>\n<meta name=\"twitter:card\" content=\"summary_large_image\" \/>\n<script type=\"application\/ld+json\" class=\"yoast-schema-graph\">{\"@context\":\"https:\/\/schema.org\",\"@graph\":[{\"@type\":\"WebPage\",\"@id\":\"https:\/\/www.restarframos.com\/de\/produkte\/memory\/quadruple-sram\",\"url\":\"https:\/\/www.restarframos.com\/de\/produkte\/memory\/quadruple-sram\",\"name\":\"Quadruple SRAM - RESTAR FRAMOS Technologies\",\"isPartOf\":{\"@id\":\"https:\/\/www.restarframos.com\/en\/#website\"},\"primaryImageOfPage\":{\"@id\":\"https:\/\/www.restarframos.com\/de\/produkte\/memory\/quadruple-sram#primaryimage\"},\"image\":{\"@id\":\"https:\/\/www.restarframos.com\/de\/produkte\/memory\/quadruple-sram#primaryimage\"},\"thumbnailUrl\":\"https:\/\/www.restarframos.com\/wp-content\/uploads\/2021\/11\/Memory_Banner.jpg\",\"datePublished\":\"2021-11-07T12:03:56+00:00\",\"dateModified\":\"2021-11-08T13:10:13+00:00\",\"breadcrumb\":{\"@id\":\"https:\/\/www.restarframos.com\/de\/produkte\/memory\/quadruple-sram#breadcrumb\"},\"inLanguage\":\"de\",\"potentialAction\":[{\"@type\":\"ReadAction\",\"target\":[\"https:\/\/www.restarframos.com\/de\/produkte\/memory\/quadruple-sram\"]}]},{\"@type\":\"ImageObject\",\"inLanguage\":\"de\",\"@id\":\"https:\/\/www.restarframos.com\/de\/produkte\/memory\/quadruple-sram#primaryimage\",\"url\":\"https:\/\/www.restarframos.com\/wp-content\/uploads\/2021\/11\/Memory_Banner.jpg\",\"contentUrl\":\"https:\/\/www.restarframos.com\/wp-content\/uploads\/2021\/11\/Memory_Banner.jpg\",\"width\":1920,\"height\":290},{\"@type\":\"BreadcrumbList\",\"@id\":\"https:\/\/www.restarframos.com\/de\/produkte\/memory\/quadruple-sram#breadcrumb\",\"itemListElement\":[{\"@type\":\"ListItem\",\"position\":1,\"name\":\"Home\",\"item\":\"https:\/\/www.restarframos.com\/en\"},{\"@type\":\"ListItem\",\"position\":2,\"name\":\"Produkte\",\"item\":\"https:\/\/www.restarframos.com\/de\/produkte\"},{\"@type\":\"ListItem\",\"position\":3,\"name\":\"Memory\",\"item\":\"https:\/\/www.restarframos.com\/de\/produkte\/memory\"},{\"@type\":\"ListItem\",\"position\":4,\"name\":\"Quadruple SRAM\"}]},{\"@type\":\"WebSite\",\"@id\":\"https:\/\/www.restarframos.com\/en\/#website\",\"url\":\"https:\/\/www.restarframos.com\/en\/\",\"name\":\"ViMOS Technologies GmbH\",\"description\":\"Innovation | Solution | Distribution\",\"publisher\":{\"@id\":\"https:\/\/www.restarframos.com\/en\/#organization\"},\"potentialAction\":[{\"@type\":\"SearchAction\",\"target\":{\"@type\":\"EntryPoint\",\"urlTemplate\":\"https:\/\/www.restarframos.com\/en\/?s={search_term_string}\"},\"query-input\":{\"@type\":\"PropertyValueSpecification\",\"valueRequired\":true,\"valueName\":\"search_term_string\"}}],\"inLanguage\":\"de\"},{\"@type\":\"Organization\",\"@id\":\"https:\/\/www.restarframos.com\/en\/#organization\",\"name\":\"ViMOS Technologies GmbH\",\"alternateName\":\"ViMOS\",\"url\":\"https:\/\/www.restarframos.com\/en\/\",\"logo\":{\"@type\":\"ImageObject\",\"inLanguage\":\"de\",\"@id\":\"https:\/\/www.restarframos.com\/en\/#\/schema\/logo\/image\/\",\"url\":\"https:\/\/www.restarframos.com\/wp-content\/uploads\/2021\/10\/RF_logo_color-1.png\",\"contentUrl\":\"https:\/\/www.restarframos.com\/wp-content\/uploads\/2021\/10\/RF_logo_color-1.png\",\"width\":909,\"height\":467,\"caption\":\"ViMOS Technologies GmbH\"},\"image\":{\"@id\":\"https:\/\/www.restarframos.com\/en\/#\/schema\/logo\/image\/\"}}]}<\/script>\n<!-- \/ Yoast SEO plugin. -->","yoast_head_json":{"title":"Quadruple SRAM - RESTAR FRAMOS Technologies","robots":{"index":"index","follow":"follow","max-snippet":"max-snippet:-1","max-image-preview":"max-image-preview:large","max-video-preview":"max-video-preview:-1"},"canonical":"https:\/\/www.restarframos.com\/de\/produkte\/memory\/quadruple-sram","og_locale":"de_DE","og_type":"article","og_title":"Quadruple SRAM - RESTAR FRAMOS Technologies","og_description":"ViMOS Technologies bietet qualitativ hochwertige Produkte mit hervorragender Produktverf\u00fcgbarkeit. Wir haben viele gefragte Teile auf Lager und k\u00f6nnen alle Sub-MOQs-Anfragen erf\u00fcllen. Bitte nehmen Sie Kontakt mit uns auf Mehr erfahren ViMOS Technologies bietet qualitativ hochwertige Produkte mit hervorragender Produktverf\u00fcgbarkeit. Wir haben viele gefragte Teile auf Lager und k\u00f6nnen alle Sub-MOQs-Anfragen erf\u00fcllen. Bitte nehmen Sie Kontakt &hellip; \u201eQuadruple SRAM\u201c weiterlesen","og_url":"https:\/\/www.restarframos.com\/de\/produkte\/memory\/quadruple-sram","og_site_name":"RESTAR FRAMOS Technologies","article_modified_time":"2021-11-08T13:10:13+00:00","og_image":[{"width":1920,"height":290,"url":"https:\/\/www.restarframos.com\/wp-content\/uploads\/2021\/11\/Memory_Banner.jpg","type":"image\/jpeg"}],"twitter_card":"summary_large_image","schema":{"@context":"https:\/\/schema.org","@graph":[{"@type":"WebPage","@id":"https:\/\/www.restarframos.com\/de\/produkte\/memory\/quadruple-sram","url":"https:\/\/www.restarframos.com\/de\/produkte\/memory\/quadruple-sram","name":"Quadruple SRAM - RESTAR FRAMOS Technologies","isPartOf":{"@id":"https:\/\/www.restarframos.com\/en\/#website"},"primaryImageOfPage":{"@id":"https:\/\/www.restarframos.com\/de\/produkte\/memory\/quadruple-sram#primaryimage"},"image":{"@id":"https:\/\/www.restarframos.com\/de\/produkte\/memory\/quadruple-sram#primaryimage"},"thumbnailUrl":"https:\/\/www.restarframos.com\/wp-content\/uploads\/2021\/11\/Memory_Banner.jpg","datePublished":"2021-11-07T12:03:56+00:00","dateModified":"2021-11-08T13:10:13+00:00","breadcrumb":{"@id":"https:\/\/www.restarframos.com\/de\/produkte\/memory\/quadruple-sram#breadcrumb"},"inLanguage":"de","potentialAction":[{"@type":"ReadAction","target":["https:\/\/www.restarframos.com\/de\/produkte\/memory\/quadruple-sram"]}]},{"@type":"ImageObject","inLanguage":"de","@id":"https:\/\/www.restarframos.com\/de\/produkte\/memory\/quadruple-sram#primaryimage","url":"https:\/\/www.restarframos.com\/wp-content\/uploads\/2021\/11\/Memory_Banner.jpg","contentUrl":"https:\/\/www.restarframos.com\/wp-content\/uploads\/2021\/11\/Memory_Banner.jpg","width":1920,"height":290},{"@type":"BreadcrumbList","@id":"https:\/\/www.restarframos.com\/de\/produkte\/memory\/quadruple-sram#breadcrumb","itemListElement":[{"@type":"ListItem","position":1,"name":"Home","item":"https:\/\/www.restarframos.com\/en"},{"@type":"ListItem","position":2,"name":"Produkte","item":"https:\/\/www.restarframos.com\/de\/produkte"},{"@type":"ListItem","position":3,"name":"Memory","item":"https:\/\/www.restarframos.com\/de\/produkte\/memory"},{"@type":"ListItem","position":4,"name":"Quadruple SRAM"}]},{"@type":"WebSite","@id":"https:\/\/www.restarframos.com\/en\/#website","url":"https:\/\/www.restarframos.com\/en\/","name":"ViMOS Technologies GmbH","description":"Innovation | Solution | Distribution","publisher":{"@id":"https:\/\/www.restarframos.com\/en\/#organization"},"potentialAction":[{"@type":"SearchAction","target":{"@type":"EntryPoint","urlTemplate":"https:\/\/www.restarframos.com\/en\/?s={search_term_string}"},"query-input":{"@type":"PropertyValueSpecification","valueRequired":true,"valueName":"search_term_string"}}],"inLanguage":"de"},{"@type":"Organization","@id":"https:\/\/www.restarframos.com\/en\/#organization","name":"ViMOS Technologies GmbH","alternateName":"ViMOS","url":"https:\/\/www.restarframos.com\/en\/","logo":{"@type":"ImageObject","inLanguage":"de","@id":"https:\/\/www.restarframos.com\/en\/#\/schema\/logo\/image\/","url":"https:\/\/www.restarframos.com\/wp-content\/uploads\/2021\/10\/RF_logo_color-1.png","contentUrl":"https:\/\/www.restarframos.com\/wp-content\/uploads\/2021\/10\/RF_logo_color-1.png","width":909,"height":467,"caption":"ViMOS Technologies GmbH"},"image":{"@id":"https:\/\/www.restarframos.com\/en\/#\/schema\/logo\/image\/"}}]}},"_links":{"self":[{"href":"https:\/\/www.restarframos.com\/de\/wp-json\/wp\/v2\/pages\/5459","targetHints":{"allow":["GET"]}}],"collection":[{"href":"https:\/\/www.restarframos.com\/de\/wp-json\/wp\/v2\/pages"}],"about":[{"href":"https:\/\/www.restarframos.com\/de\/wp-json\/wp\/v2\/types\/page"}],"author":[{"embeddable":true,"href":"https:\/\/www.restarframos.com\/de\/wp-json\/wp\/v2\/users\/1"}],"replies":[{"embeddable":true,"href":"https:\/\/www.restarframos.com\/de\/wp-json\/wp\/v2\/comments?post=5459"}],"version-history":[{"count":0,"href":"https:\/\/www.restarframos.com\/de\/wp-json\/wp\/v2\/pages\/5459\/revisions"}],"up":[{"embeddable":true,"href":"https:\/\/www.restarframos.com\/de\/wp-json\/wp\/v2\/pages\/5437"}],"wp:featuredmedia":[{"embeddable":true,"href":"https:\/\/www.restarframos.com\/de\/wp-json\/wp\/v2\/media\/4888"}],"wp:attachment":[{"href":"https:\/\/www.restarframos.com\/de\/wp-json\/wp\/v2\/media?parent=5459"}],"curies":[{"name":"wp","href":"https:\/\/api.w.org\/{rel}","templated":true}]}}