{"id":5533,"date":"2021-11-07T13:25:31","date_gmt":"2021-11-07T12:25:31","guid":{"rendered":"http:\/\/www.vimos-technologies.com\/maerkte\/computing"},"modified":"2021-11-07T13:25:31","modified_gmt":"2021-11-07T12:25:31","slug":"computing","status":"publish","type":"page","link":"https:\/\/www.restarframos.com\/de\/maerkte\/computing","title":{"rendered":"Computing"},"content":{"rendered":"\n<p>Rechenleistung wird fast \u00fcberall auf unserer Welt ben\u00f6tigt, aber sie ist nahtlos in kleineren oder gr\u00f6\u00dferen Modulen, Boards oder Racks versteckt. Selbst Autos, Roboter und landwirtschaftliche Fahrzeuge und Maschinen weisen eine hohe Verarbeitungsleistung auf.<br\/><br\/>Es besteht Bedarf an robusten und zuverl\u00e4ssigen L\u00f6sungen f\u00fcr eine Vielzahl unternehmenskritischer Anwendungen in IoT, Medizin \/ Gesundheitswesen, Industrieautomatisierung, Fabrikautomation, Einzelhandelsautomatisierung, Energie, Milit\u00e4r, Luft- und Raumfahrt, Halbleiterausr\u00fcstung, Internet- und Netzwerksicherheit, Transport- und Spielem\u00e4rkte. Das Computing umfasst auch HMI (Human Machine Interfacing)-Ger\u00e4te zum Steuern und Visualisieren von z.B. industrieller Automatisierung. Daher sind Touchscreens und Vorrichtungen zur Gestensteuerung mit den Hauptrechnern mehr und mehr direkt verbunden, um menschliche Steuerungen und Deep-Learing Anwendungen zu erm\u00f6glichen.<br\/><\/p>\n\n<blockquote class=\"wp-block-quote is-layout-flow wp-block-quote-is-layout-flow\"><p>ViMOS Technologies bietet ein umfangreiches Produktportfolio f\u00fcr industrielle und Embedded-Computing-Plattformen, einschlie\u00dflich mehrerer Standard-Formfaktor-Plattformen des Partners PORTWELL oder DH Electronics. <\/p><\/blockquote>\n","protected":false},"excerpt":{"rendered":"<p>Rechenleistung wird fast \u00fcberall auf unserer Welt ben\u00f6tigt, aber sie ist nahtlos in kleineren oder gr\u00f6\u00dferen Modulen, Boards oder Racks versteckt. Selbst Autos, Roboter und landwirtschaftliche Fahrzeuge und Maschinen weisen eine hohe Verarbeitungsleistung auf. Es besteht Bedarf an robusten und zuverl\u00e4ssigen L\u00f6sungen f\u00fcr eine Vielzahl unternehmenskritischer Anwendungen in IoT, Medizin \/ Gesundheitswesen, Industrieautomatisierung, Fabrikautomation, Einzelhandelsautomatisierung, &hellip; <\/p>\n<p class=\"link-more\"><a href=\"https:\/\/www.restarframos.com\/de\/maerkte\/computing\" class=\"more-link\"><span class=\"screen-reader-text\">\u201eComputing\u201c<\/span> weiterlesen<\/a><\/p>\n","protected":false},"author":1,"featured_media":4504,"parent":5511,"menu_order":0,"comment_status":"closed","ping_status":"closed","template":"","meta":{"content-type":"","footnotes":""},"class_list":["post-5533","page","type-page","status-publish","has-post-thumbnail","hentry","entry"],"yoast_head":"<!-- This site is optimized with the Yoast SEO plugin v24.1 - https:\/\/yoast.com\/wordpress\/plugins\/seo\/ -->\n<title>Computing - RESTAR FRAMOS Technologies<\/title>\n<meta name=\"robots\" content=\"index, follow, max-snippet:-1, max-image-preview:large, max-video-preview:-1\" \/>\n<link rel=\"canonical\" href=\"https:\/\/www.restarframos.com\/de\/maerkte\/computing\" \/>\n<meta property=\"og:locale\" content=\"de_DE\" \/>\n<meta property=\"og:type\" content=\"article\" \/>\n<meta property=\"og:title\" content=\"Computing - RESTAR FRAMOS Technologies\" \/>\n<meta property=\"og:description\" content=\"Rechenleistung wird fast \u00fcberall auf unserer Welt ben\u00f6tigt, aber sie ist nahtlos in kleineren oder gr\u00f6\u00dferen Modulen, Boards oder Racks versteckt. Selbst Autos, Roboter und landwirtschaftliche Fahrzeuge und Maschinen weisen eine hohe Verarbeitungsleistung auf. Es besteht Bedarf an robusten und zuverl\u00e4ssigen L\u00f6sungen f\u00fcr eine Vielzahl unternehmenskritischer Anwendungen in IoT, Medizin \/ Gesundheitswesen, Industrieautomatisierung, Fabrikautomation, Einzelhandelsautomatisierung, &hellip; \u201eComputing\u201c weiterlesen\" \/>\n<meta property=\"og:url\" content=\"https:\/\/www.restarframos.com\/de\/maerkte\/computing\" \/>\n<meta property=\"og:site_name\" content=\"RESTAR FRAMOS Technologies\" \/>\n<meta property=\"og:image\" content=\"https:\/\/www.restarframos.com\/wp-content\/uploads\/2021\/10\/Computing_Banner.jpg\" \/>\n\t<meta property=\"og:image:width\" content=\"1280\" \/>\n\t<meta property=\"og:image:height\" content=\"260\" \/>\n\t<meta property=\"og:image:type\" content=\"image\/jpeg\" \/>\n<meta name=\"twitter:card\" content=\"summary_large_image\" \/>\n<meta name=\"twitter:label1\" content=\"Gesch\u00e4tzte Lesezeit\" \/>\n\t<meta name=\"twitter:data1\" content=\"1\u00a0Minute\" \/>\n<script type=\"application\/ld+json\" class=\"yoast-schema-graph\">{\"@context\":\"https:\/\/schema.org\",\"@graph\":[{\"@type\":\"WebPage\",\"@id\":\"https:\/\/www.restarframos.com\/de\/maerkte\/computing\",\"url\":\"https:\/\/www.restarframos.com\/de\/maerkte\/computing\",\"name\":\"Computing - RESTAR FRAMOS Technologies\",\"isPartOf\":{\"@id\":\"https:\/\/www.restarframos.com\/en\/#website\"},\"primaryImageOfPage\":{\"@id\":\"https:\/\/www.restarframos.com\/de\/maerkte\/computing#primaryimage\"},\"image\":{\"@id\":\"https:\/\/www.restarframos.com\/de\/maerkte\/computing#primaryimage\"},\"thumbnailUrl\":\"https:\/\/www.restarframos.com\/wp-content\/uploads\/2021\/10\/Computing_Banner.jpg\",\"datePublished\":\"2021-11-07T12:25:31+00:00\",\"dateModified\":\"2021-11-07T12:25:31+00:00\",\"breadcrumb\":{\"@id\":\"https:\/\/www.restarframos.com\/de\/maerkte\/computing#breadcrumb\"},\"inLanguage\":\"de\",\"potentialAction\":[{\"@type\":\"ReadAction\",\"target\":[\"https:\/\/www.restarframos.com\/de\/maerkte\/computing\"]}]},{\"@type\":\"ImageObject\",\"inLanguage\":\"de\",\"@id\":\"https:\/\/www.restarframos.com\/de\/maerkte\/computing#primaryimage\",\"url\":\"https:\/\/www.restarframos.com\/wp-content\/uploads\/2021\/10\/Computing_Banner.jpg\",\"contentUrl\":\"https:\/\/www.restarframos.com\/wp-content\/uploads\/2021\/10\/Computing_Banner.jpg\",\"width\":1280,\"height\":260},{\"@type\":\"BreadcrumbList\",\"@id\":\"https:\/\/www.restarframos.com\/de\/maerkte\/computing#breadcrumb\",\"itemListElement\":[{\"@type\":\"ListItem\",\"position\":1,\"name\":\"Home\",\"item\":\"https:\/\/www.restarframos.com\/en\"},{\"@type\":\"ListItem\",\"position\":2,\"name\":\"M\u00e4rkte\",\"item\":\"https:\/\/www.restarframos.com\/de\/maerkte\"},{\"@type\":\"ListItem\",\"position\":3,\"name\":\"Computing\"}]},{\"@type\":\"WebSite\",\"@id\":\"https:\/\/www.restarframos.com\/en\/#website\",\"url\":\"https:\/\/www.restarframos.com\/en\/\",\"name\":\"ViMOS Technologies GmbH\",\"description\":\"Innovation | Solution | Distribution\",\"publisher\":{\"@id\":\"https:\/\/www.restarframos.com\/en\/#organization\"},\"potentialAction\":[{\"@type\":\"SearchAction\",\"target\":{\"@type\":\"EntryPoint\",\"urlTemplate\":\"https:\/\/www.restarframos.com\/en\/?s={search_term_string}\"},\"query-input\":{\"@type\":\"PropertyValueSpecification\",\"valueRequired\":true,\"valueName\":\"search_term_string\"}}],\"inLanguage\":\"de\"},{\"@type\":\"Organization\",\"@id\":\"https:\/\/www.restarframos.com\/en\/#organization\",\"name\":\"ViMOS Technologies GmbH\",\"alternateName\":\"ViMOS\",\"url\":\"https:\/\/www.restarframos.com\/en\/\",\"logo\":{\"@type\":\"ImageObject\",\"inLanguage\":\"de\",\"@id\":\"https:\/\/www.restarframos.com\/en\/#\/schema\/logo\/image\/\",\"url\":\"https:\/\/www.restarframos.com\/wp-content\/uploads\/2021\/10\/RF_logo_color-1.png\",\"contentUrl\":\"https:\/\/www.restarframos.com\/wp-content\/uploads\/2021\/10\/RF_logo_color-1.png\",\"width\":909,\"height\":467,\"caption\":\"ViMOS Technologies GmbH\"},\"image\":{\"@id\":\"https:\/\/www.restarframos.com\/en\/#\/schema\/logo\/image\/\"}}]}<\/script>\n<!-- \/ Yoast SEO plugin. -->","yoast_head_json":{"title":"Computing - RESTAR FRAMOS Technologies","robots":{"index":"index","follow":"follow","max-snippet":"max-snippet:-1","max-image-preview":"max-image-preview:large","max-video-preview":"max-video-preview:-1"},"canonical":"https:\/\/www.restarframos.com\/de\/maerkte\/computing","og_locale":"de_DE","og_type":"article","og_title":"Computing - RESTAR FRAMOS Technologies","og_description":"Rechenleistung wird fast \u00fcberall auf unserer Welt ben\u00f6tigt, aber sie ist nahtlos in kleineren oder gr\u00f6\u00dferen Modulen, Boards oder Racks versteckt. Selbst Autos, Roboter und landwirtschaftliche Fahrzeuge und Maschinen weisen eine hohe Verarbeitungsleistung auf. Es besteht Bedarf an robusten und zuverl\u00e4ssigen L\u00f6sungen f\u00fcr eine Vielzahl unternehmenskritischer Anwendungen in IoT, Medizin \/ Gesundheitswesen, Industrieautomatisierung, Fabrikautomation, Einzelhandelsautomatisierung, &hellip; \u201eComputing\u201c weiterlesen","og_url":"https:\/\/www.restarframos.com\/de\/maerkte\/computing","og_site_name":"RESTAR FRAMOS Technologies","og_image":[{"width":1280,"height":260,"url":"https:\/\/www.restarframos.com\/wp-content\/uploads\/2021\/10\/Computing_Banner.jpg","type":"image\/jpeg"}],"twitter_card":"summary_large_image","twitter_misc":{"Gesch\u00e4tzte Lesezeit":"1\u00a0Minute"},"schema":{"@context":"https:\/\/schema.org","@graph":[{"@type":"WebPage","@id":"https:\/\/www.restarframos.com\/de\/maerkte\/computing","url":"https:\/\/www.restarframos.com\/de\/maerkte\/computing","name":"Computing - RESTAR FRAMOS Technologies","isPartOf":{"@id":"https:\/\/www.restarframos.com\/en\/#website"},"primaryImageOfPage":{"@id":"https:\/\/www.restarframos.com\/de\/maerkte\/computing#primaryimage"},"image":{"@id":"https:\/\/www.restarframos.com\/de\/maerkte\/computing#primaryimage"},"thumbnailUrl":"https:\/\/www.restarframos.com\/wp-content\/uploads\/2021\/10\/Computing_Banner.jpg","datePublished":"2021-11-07T12:25:31+00:00","dateModified":"2021-11-07T12:25:31+00:00","breadcrumb":{"@id":"https:\/\/www.restarframos.com\/de\/maerkte\/computing#breadcrumb"},"inLanguage":"de","potentialAction":[{"@type":"ReadAction","target":["https:\/\/www.restarframos.com\/de\/maerkte\/computing"]}]},{"@type":"ImageObject","inLanguage":"de","@id":"https:\/\/www.restarframos.com\/de\/maerkte\/computing#primaryimage","url":"https:\/\/www.restarframos.com\/wp-content\/uploads\/2021\/10\/Computing_Banner.jpg","contentUrl":"https:\/\/www.restarframos.com\/wp-content\/uploads\/2021\/10\/Computing_Banner.jpg","width":1280,"height":260},{"@type":"BreadcrumbList","@id":"https:\/\/www.restarframos.com\/de\/maerkte\/computing#breadcrumb","itemListElement":[{"@type":"ListItem","position":1,"name":"Home","item":"https:\/\/www.restarframos.com\/en"},{"@type":"ListItem","position":2,"name":"M\u00e4rkte","item":"https:\/\/www.restarframos.com\/de\/maerkte"},{"@type":"ListItem","position":3,"name":"Computing"}]},{"@type":"WebSite","@id":"https:\/\/www.restarframos.com\/en\/#website","url":"https:\/\/www.restarframos.com\/en\/","name":"ViMOS Technologies GmbH","description":"Innovation | Solution | Distribution","publisher":{"@id":"https:\/\/www.restarframos.com\/en\/#organization"},"potentialAction":[{"@type":"SearchAction","target":{"@type":"EntryPoint","urlTemplate":"https:\/\/www.restarframos.com\/en\/?s={search_term_string}"},"query-input":{"@type":"PropertyValueSpecification","valueRequired":true,"valueName":"search_term_string"}}],"inLanguage":"de"},{"@type":"Organization","@id":"https:\/\/www.restarframos.com\/en\/#organization","name":"ViMOS Technologies GmbH","alternateName":"ViMOS","url":"https:\/\/www.restarframos.com\/en\/","logo":{"@type":"ImageObject","inLanguage":"de","@id":"https:\/\/www.restarframos.com\/en\/#\/schema\/logo\/image\/","url":"https:\/\/www.restarframos.com\/wp-content\/uploads\/2021\/10\/RF_logo_color-1.png","contentUrl":"https:\/\/www.restarframos.com\/wp-content\/uploads\/2021\/10\/RF_logo_color-1.png","width":909,"height":467,"caption":"ViMOS Technologies GmbH"},"image":{"@id":"https:\/\/www.restarframos.com\/en\/#\/schema\/logo\/image\/"}}]}},"_links":{"self":[{"href":"https:\/\/www.restarframos.com\/de\/wp-json\/wp\/v2\/pages\/5533","targetHints":{"allow":["GET"]}}],"collection":[{"href":"https:\/\/www.restarframos.com\/de\/wp-json\/wp\/v2\/pages"}],"about":[{"href":"https:\/\/www.restarframos.com\/de\/wp-json\/wp\/v2\/types\/page"}],"author":[{"embeddable":true,"href":"https:\/\/www.restarframos.com\/de\/wp-json\/wp\/v2\/users\/1"}],"replies":[{"embeddable":true,"href":"https:\/\/www.restarframos.com\/de\/wp-json\/wp\/v2\/comments?post=5533"}],"version-history":[{"count":0,"href":"https:\/\/www.restarframos.com\/de\/wp-json\/wp\/v2\/pages\/5533\/revisions"}],"up":[{"embeddable":true,"href":"https:\/\/www.restarframos.com\/de\/wp-json\/wp\/v2\/pages\/5511"}],"wp:featuredmedia":[{"embeddable":true,"href":"https:\/\/www.restarframos.com\/de\/wp-json\/wp\/v2\/media\/4504"}],"wp:attachment":[{"href":"https:\/\/www.restarframos.com\/de\/wp-json\/wp\/v2\/media?parent=5533"}],"curies":[{"name":"wp","href":"https:\/\/api.w.org\/{rel}","templated":true}]}}