{"id":5535,"date":"2021-11-07T13:26:31","date_gmt":"2021-11-07T12:26:31","guid":{"rendered":"http:\/\/www.vimos-technologies.com\/maerkte\/consumer"},"modified":"2021-11-07T13:26:31","modified_gmt":"2021-11-07T12:26:31","slug":"consumer","status":"publish","type":"page","link":"https:\/\/www.restarframos.com\/de\/maerkte\/consumer","title":{"rendered":"Consumer"},"content":{"rendered":"\n<p>Das Privat- und Gesch\u00e4ftsleben wird durch die Verwendung verschiedener elektronischer Ger\u00e4te digitaler und intelligenter. Von Set-Top-Boxen und Fernsehern bis hin zu Spielkonsolen und von Smartphones bis zu Wearables. <br\/>In den n\u00e4chsten Jahren wird das Smartphone das dominierende Kommunikations- und Steuerger\u00e4t f\u00fcr unser t\u00e4gliches Leben sein. Es wird den Verbrauchern mehr Kontrolle \u00fcber ihr Bankkonto, Home-Entertainment, Beleuchtung, Heizung, medizinische Dienste und Sicherheit geben, mit permanentem Zugang durch Sprach- und Gestenerkennung und personalisierten Benutzerprofilen.<br\/><br\/>Heute startet \u201eWearables\u201c mit einfachen Fitnessb\u00e4ndern und intelligenten Uhren, aber intelligente Brillen, intelligente Ringe und sogar intelligente Kleidung werden unsere t\u00e4glichen Gewohnheiten und unser Leben revolutionieren. In all diesen Applikationen erwarten wir Ger\u00e4te mit extrem niedrigem Stromverbrauch, die monatelang fast ohne Batterieaufladung und besserer grafischer Visualisierung und Benutzerschnittstelle laufen.<br\/><br\/><strong>ViMOS Technologies bietet<\/strong> eine breite Palette an Produkten, die eine niedrige Leistung und intuitive Bedienung erm\u00f6glichen:<\/p>\n\n<ul class=\"wp-block-list\"><li>Non-Volatile memories<\/li><li>Small and low-power wireless modules<\/li><li>Highly-efficient power components<\/li><li>Wireless charging technology<\/li><\/ul>","protected":false},"excerpt":{"rendered":"<p>Das Privat- und Gesch\u00e4ftsleben wird durch die Verwendung verschiedener elektronischer Ger\u00e4te digitaler und intelligenter. Von Set-Top-Boxen und Fernsehern bis hin zu Spielkonsolen und von Smartphones bis zu Wearables. In den n\u00e4chsten Jahren wird das Smartphone das dominierende Kommunikations- und Steuerger\u00e4t f\u00fcr unser t\u00e4gliches Leben sein. Es wird den Verbrauchern mehr Kontrolle \u00fcber ihr Bankkonto, Home-Entertainment, &hellip; <\/p>\n<p class=\"link-more\"><a href=\"https:\/\/www.restarframos.com\/de\/maerkte\/consumer\" class=\"more-link\"><span class=\"screen-reader-text\">\u201eConsumer\u201c<\/span> weiterlesen<\/a><\/p>\n","protected":false},"author":1,"featured_media":4506,"parent":5511,"menu_order":0,"comment_status":"closed","ping_status":"closed","template":"","meta":{"content-type":"","footnotes":""},"class_list":["post-5535","page","type-page","status-publish","has-post-thumbnail","hentry","entry"],"yoast_head":"<!-- This site is optimized with the Yoast SEO plugin v24.1 - https:\/\/yoast.com\/wordpress\/plugins\/seo\/ -->\n<title>Consumer - RESTAR FRAMOS Technologies<\/title>\n<meta name=\"robots\" content=\"index, follow, max-snippet:-1, max-image-preview:large, max-video-preview:-1\" \/>\n<link rel=\"canonical\" href=\"https:\/\/www.restarframos.com\/de\/maerkte\/consumer\" \/>\n<meta property=\"og:locale\" content=\"de_DE\" \/>\n<meta property=\"og:type\" content=\"article\" \/>\n<meta property=\"og:title\" content=\"Consumer - RESTAR FRAMOS Technologies\" \/>\n<meta property=\"og:description\" content=\"Das Privat- und Gesch\u00e4ftsleben wird durch die Verwendung verschiedener elektronischer Ger\u00e4te digitaler und intelligenter. Von Set-Top-Boxen und Fernsehern bis hin zu Spielkonsolen und von Smartphones bis zu Wearables. In den n\u00e4chsten Jahren wird das Smartphone das dominierende Kommunikations- und Steuerger\u00e4t f\u00fcr unser t\u00e4gliches Leben sein. Es wird den Verbrauchern mehr Kontrolle \u00fcber ihr Bankkonto, Home-Entertainment, &hellip; \u201eConsumer\u201c weiterlesen\" \/>\n<meta property=\"og:url\" content=\"https:\/\/www.restarframos.com\/de\/maerkte\/consumer\" \/>\n<meta property=\"og:site_name\" content=\"RESTAR FRAMOS Technologies\" \/>\n<meta property=\"og:image\" content=\"https:\/\/www.restarframos.com\/wp-content\/uploads\/2021\/10\/Consumer_Banner.jpg\" \/>\n\t<meta property=\"og:image:width\" content=\"1280\" \/>\n\t<meta property=\"og:image:height\" content=\"260\" \/>\n\t<meta property=\"og:image:type\" content=\"image\/jpeg\" \/>\n<meta name=\"twitter:card\" content=\"summary_large_image\" \/>\n<meta name=\"twitter:label1\" content=\"Gesch\u00e4tzte Lesezeit\" \/>\n\t<meta name=\"twitter:data1\" content=\"1\u00a0Minute\" \/>\n<script type=\"application\/ld+json\" class=\"yoast-schema-graph\">{\"@context\":\"https:\/\/schema.org\",\"@graph\":[{\"@type\":\"WebPage\",\"@id\":\"https:\/\/www.restarframos.com\/de\/maerkte\/consumer\",\"url\":\"https:\/\/www.restarframos.com\/de\/maerkte\/consumer\",\"name\":\"Consumer - RESTAR FRAMOS Technologies\",\"isPartOf\":{\"@id\":\"https:\/\/www.restarframos.com\/en\/#website\"},\"primaryImageOfPage\":{\"@id\":\"https:\/\/www.restarframos.com\/de\/maerkte\/consumer#primaryimage\"},\"image\":{\"@id\":\"https:\/\/www.restarframos.com\/de\/maerkte\/consumer#primaryimage\"},\"thumbnailUrl\":\"https:\/\/www.restarframos.com\/wp-content\/uploads\/2021\/10\/Consumer_Banner.jpg\",\"datePublished\":\"2021-11-07T12:26:31+00:00\",\"dateModified\":\"2021-11-07T12:26:31+00:00\",\"breadcrumb\":{\"@id\":\"https:\/\/www.restarframos.com\/de\/maerkte\/consumer#breadcrumb\"},\"inLanguage\":\"de\",\"potentialAction\":[{\"@type\":\"ReadAction\",\"target\":[\"https:\/\/www.restarframos.com\/de\/maerkte\/consumer\"]}]},{\"@type\":\"ImageObject\",\"inLanguage\":\"de\",\"@id\":\"https:\/\/www.restarframos.com\/de\/maerkte\/consumer#primaryimage\",\"url\":\"https:\/\/www.restarframos.com\/wp-content\/uploads\/2021\/10\/Consumer_Banner.jpg\",\"contentUrl\":\"https:\/\/www.restarframos.com\/wp-content\/uploads\/2021\/10\/Consumer_Banner.jpg\",\"width\":1280,\"height\":260},{\"@type\":\"BreadcrumbList\",\"@id\":\"https:\/\/www.restarframos.com\/de\/maerkte\/consumer#breadcrumb\",\"itemListElement\":[{\"@type\":\"ListItem\",\"position\":1,\"name\":\"Home\",\"item\":\"https:\/\/www.restarframos.com\/en\"},{\"@type\":\"ListItem\",\"position\":2,\"name\":\"M\u00e4rkte\",\"item\":\"https:\/\/www.restarframos.com\/de\/maerkte\"},{\"@type\":\"ListItem\",\"position\":3,\"name\":\"Consumer\"}]},{\"@type\":\"WebSite\",\"@id\":\"https:\/\/www.restarframos.com\/en\/#website\",\"url\":\"https:\/\/www.restarframos.com\/en\/\",\"name\":\"ViMOS Technologies GmbH\",\"description\":\"Innovation | Solution | Distribution\",\"publisher\":{\"@id\":\"https:\/\/www.restarframos.com\/en\/#organization\"},\"potentialAction\":[{\"@type\":\"SearchAction\",\"target\":{\"@type\":\"EntryPoint\",\"urlTemplate\":\"https:\/\/www.restarframos.com\/en\/?s={search_term_string}\"},\"query-input\":{\"@type\":\"PropertyValueSpecification\",\"valueRequired\":true,\"valueName\":\"search_term_string\"}}],\"inLanguage\":\"de\"},{\"@type\":\"Organization\",\"@id\":\"https:\/\/www.restarframos.com\/en\/#organization\",\"name\":\"ViMOS Technologies GmbH\",\"alternateName\":\"ViMOS\",\"url\":\"https:\/\/www.restarframos.com\/en\/\",\"logo\":{\"@type\":\"ImageObject\",\"inLanguage\":\"de\",\"@id\":\"https:\/\/www.restarframos.com\/en\/#\/schema\/logo\/image\/\",\"url\":\"https:\/\/www.restarframos.com\/wp-content\/uploads\/2021\/10\/RF_logo_color-1.png\",\"contentUrl\":\"https:\/\/www.restarframos.com\/wp-content\/uploads\/2021\/10\/RF_logo_color-1.png\",\"width\":909,\"height\":467,\"caption\":\"ViMOS Technologies GmbH\"},\"image\":{\"@id\":\"https:\/\/www.restarframos.com\/en\/#\/schema\/logo\/image\/\"}}]}<\/script>\n<!-- \/ Yoast SEO plugin. -->","yoast_head_json":{"title":"Consumer - RESTAR FRAMOS Technologies","robots":{"index":"index","follow":"follow","max-snippet":"max-snippet:-1","max-image-preview":"max-image-preview:large","max-video-preview":"max-video-preview:-1"},"canonical":"https:\/\/www.restarframos.com\/de\/maerkte\/consumer","og_locale":"de_DE","og_type":"article","og_title":"Consumer - RESTAR FRAMOS Technologies","og_description":"Das Privat- und Gesch\u00e4ftsleben wird durch die Verwendung verschiedener elektronischer Ger\u00e4te digitaler und intelligenter. Von Set-Top-Boxen und Fernsehern bis hin zu Spielkonsolen und von Smartphones bis zu Wearables. In den n\u00e4chsten Jahren wird das Smartphone das dominierende Kommunikations- und Steuerger\u00e4t f\u00fcr unser t\u00e4gliches Leben sein. Es wird den Verbrauchern mehr Kontrolle \u00fcber ihr Bankkonto, Home-Entertainment, &hellip; \u201eConsumer\u201c weiterlesen","og_url":"https:\/\/www.restarframos.com\/de\/maerkte\/consumer","og_site_name":"RESTAR FRAMOS Technologies","og_image":[{"width":1280,"height":260,"url":"https:\/\/www.restarframos.com\/wp-content\/uploads\/2021\/10\/Consumer_Banner.jpg","type":"image\/jpeg"}],"twitter_card":"summary_large_image","twitter_misc":{"Gesch\u00e4tzte Lesezeit":"1\u00a0Minute"},"schema":{"@context":"https:\/\/schema.org","@graph":[{"@type":"WebPage","@id":"https:\/\/www.restarframos.com\/de\/maerkte\/consumer","url":"https:\/\/www.restarframos.com\/de\/maerkte\/consumer","name":"Consumer - RESTAR FRAMOS Technologies","isPartOf":{"@id":"https:\/\/www.restarframos.com\/en\/#website"},"primaryImageOfPage":{"@id":"https:\/\/www.restarframos.com\/de\/maerkte\/consumer#primaryimage"},"image":{"@id":"https:\/\/www.restarframos.com\/de\/maerkte\/consumer#primaryimage"},"thumbnailUrl":"https:\/\/www.restarframos.com\/wp-content\/uploads\/2021\/10\/Consumer_Banner.jpg","datePublished":"2021-11-07T12:26:31+00:00","dateModified":"2021-11-07T12:26:31+00:00","breadcrumb":{"@id":"https:\/\/www.restarframos.com\/de\/maerkte\/consumer#breadcrumb"},"inLanguage":"de","potentialAction":[{"@type":"ReadAction","target":["https:\/\/www.restarframos.com\/de\/maerkte\/consumer"]}]},{"@type":"ImageObject","inLanguage":"de","@id":"https:\/\/www.restarframos.com\/de\/maerkte\/consumer#primaryimage","url":"https:\/\/www.restarframos.com\/wp-content\/uploads\/2021\/10\/Consumer_Banner.jpg","contentUrl":"https:\/\/www.restarframos.com\/wp-content\/uploads\/2021\/10\/Consumer_Banner.jpg","width":1280,"height":260},{"@type":"BreadcrumbList","@id":"https:\/\/www.restarframos.com\/de\/maerkte\/consumer#breadcrumb","itemListElement":[{"@type":"ListItem","position":1,"name":"Home","item":"https:\/\/www.restarframos.com\/en"},{"@type":"ListItem","position":2,"name":"M\u00e4rkte","item":"https:\/\/www.restarframos.com\/de\/maerkte"},{"@type":"ListItem","position":3,"name":"Consumer"}]},{"@type":"WebSite","@id":"https:\/\/www.restarframos.com\/en\/#website","url":"https:\/\/www.restarframos.com\/en\/","name":"ViMOS Technologies GmbH","description":"Innovation | Solution | Distribution","publisher":{"@id":"https:\/\/www.restarframos.com\/en\/#organization"},"potentialAction":[{"@type":"SearchAction","target":{"@type":"EntryPoint","urlTemplate":"https:\/\/www.restarframos.com\/en\/?s={search_term_string}"},"query-input":{"@type":"PropertyValueSpecification","valueRequired":true,"valueName":"search_term_string"}}],"inLanguage":"de"},{"@type":"Organization","@id":"https:\/\/www.restarframos.com\/en\/#organization","name":"ViMOS Technologies GmbH","alternateName":"ViMOS","url":"https:\/\/www.restarframos.com\/en\/","logo":{"@type":"ImageObject","inLanguage":"de","@id":"https:\/\/www.restarframos.com\/en\/#\/schema\/logo\/image\/","url":"https:\/\/www.restarframos.com\/wp-content\/uploads\/2021\/10\/RF_logo_color-1.png","contentUrl":"https:\/\/www.restarframos.com\/wp-content\/uploads\/2021\/10\/RF_logo_color-1.png","width":909,"height":467,"caption":"ViMOS Technologies GmbH"},"image":{"@id":"https:\/\/www.restarframos.com\/en\/#\/schema\/logo\/image\/"}}]}},"_links":{"self":[{"href":"https:\/\/www.restarframos.com\/de\/wp-json\/wp\/v2\/pages\/5535","targetHints":{"allow":["GET"]}}],"collection":[{"href":"https:\/\/www.restarframos.com\/de\/wp-json\/wp\/v2\/pages"}],"about":[{"href":"https:\/\/www.restarframos.com\/de\/wp-json\/wp\/v2\/types\/page"}],"author":[{"embeddable":true,"href":"https:\/\/www.restarframos.com\/de\/wp-json\/wp\/v2\/users\/1"}],"replies":[{"embeddable":true,"href":"https:\/\/www.restarframos.com\/de\/wp-json\/wp\/v2\/comments?post=5535"}],"version-history":[{"count":0,"href":"https:\/\/www.restarframos.com\/de\/wp-json\/wp\/v2\/pages\/5535\/revisions"}],"up":[{"embeddable":true,"href":"https:\/\/www.restarframos.com\/de\/wp-json\/wp\/v2\/pages\/5511"}],"wp:featuredmedia":[{"embeddable":true,"href":"https:\/\/www.restarframos.com\/de\/wp-json\/wp\/v2\/media\/4506"}],"wp:attachment":[{"href":"https:\/\/www.restarframos.com\/de\/wp-json\/wp\/v2\/media?parent=5535"}],"curies":[{"name":"wp","href":"https:\/\/api.w.org\/{rel}","templated":true}]}}