{"id":5537,"date":"2021-11-07T13:29:35","date_gmt":"2021-11-07T12:29:35","guid":{"rendered":"http:\/\/www.vimos-technologies.com\/maerkte\/industrie"},"modified":"2022-11-04T10:40:21","modified_gmt":"2022-11-04T09:40:21","slug":"industrie","status":"publish","type":"page","link":"https:\/\/www.restarframos.com\/de\/maerkte\/industrie","title":{"rendered":"Industrie"},"content":{"rendered":"\n<p><strong>Industrie 4.0<\/strong> ist das R\u00fcckgrat f\u00fcr effiziente Prozesse und intelligente Abl\u00e4ufe in der automatisierten Fertigung und Logistik. Jedes Ger\u00e4t, jeder Sensor und jeder Aktor kann \u00fcber eine individuelle IP-Adresse angesprochen und in propriet\u00e4re oder weltweite Netzwerke eingebunden werden, um Cloud-Computing und schlie\u00dflich intelligente und selbstlernende Systeme zu erm\u00f6glichen. Die Endapplikation selbst kann verdrahtet oder drahtlos sein, um die Kommunikationsverbindung an die Bed\u00fcrfnisse lokaler Netzwerke anzupassen. <strong>ZigBEE, Bluetooth, WiFi<\/strong>und andere drahtlose Kommunikationsstandards erm\u00f6glichen es jedem beweglichen Ger\u00e4t, mit jedem Partner oder Master im Netzwerk zu kommunizieren. <br><br>IoT (<strong>Internet der Dinge<\/strong>) ist ein viel breiteres Anwendungsgebiet als Industrie 4.0. Da Industrie-4.0-Ger\u00e4te nur sehr propriet\u00e4r und sicher von <strong>Smart-Factory-Besitzern<\/strong> genutzt werden sollten, k\u00f6nnen private IoT-f\u00e4hige Ger\u00e4te von jedem weltweiten Cloud-Computing-Anbieter theoretisch genutzt werden, um die Intelligenz und schlie\u00dflich die individuelle und automatische Anpassung an die spezifischen Bed\u00fcrfnisse und Gewohnheiten des Nutzers zu gew\u00e4hrleisten. <br>Die neuesten Anwendungen mit Millionen verbundener Knoten sind Wearables, medizinische Ger\u00e4te, Autos, Smart Homes, Geb\u00e4udeautomatisierung und \u00f6ffentlicher oder individueller Transport. Signale analoger Frontends, der Sensoren und Aktoren, m\u00fcssen digital konvertiert, serialisiert und schlie\u00dflich bidirektional \u00fcber kurze und gro\u00dfe Entfernungen \u00fcbertragen werden.<br><br>Wireless-Charging-, Ultra-Low-Power- oder Energy Harvesting-L\u00f6sungen helfen, intelligente<strong>Sensoren und Aktuatoren rund um die Uhr zu betreiben<\/strong>. Daher ist Energieeffizienz der Schl\u00fcssel zur verbreiteten Akzeptanz dieser Technologie. Neue, hocheffiziente Schaltregler helfen, den Leistungsverlust auf weniger als 2% zu dr\u00fccken. <strong>Ultra-Low-Power-CMOS-Technologien<\/strong> helfen, den Halbleiter so k\u00fchl wie m\u00f6glich zu halten und Verluste durch Erw\u00e4rmung zu minimieren. Boot-Prozesse und aktive Betriebszeiten m\u00fcssen so kurz und effizient wie m\u00f6glich gehalten werden, w\u00e4hrend Schlaf- und\/oder Tiefschlafperioden maximiert werden.<br><br><strong>ViMOS Technologies<\/strong> bietet eine <strong>gro\u00dfe Auswahl an unterschiedlichen Leistungskomponenten<\/strong> f\u00fcr unterschiedliche Anwendungen. Hinzu kommen Funkmodule mit deutlich besseren Reichweiten und besserem Stromverbrauch als andere. <\/p>\n\n\n\n<p><a href=\"https:\/\/www.restarframos.com\/wp-content\/uploads\/2022\/11\/ViMOS_Richtek_Industrial_Selection-Guide.pdf\" target=\"_blank\" rel=\"noreferrer noopener\">Download Richtek Selection Guide f\u00fcr Industrie Produkte<\/a><\/p>\n","protected":false},"excerpt":{"rendered":"<p>Industrie 4.0 ist das R\u00fcckgrat f\u00fcr effiziente Prozesse und intelligente Abl\u00e4ufe in der automatisierten Fertigung und Logistik. Jedes Ger\u00e4t, jeder Sensor und jeder Aktor kann \u00fcber eine individuelle IP-Adresse angesprochen und in propriet\u00e4re oder weltweite Netzwerke eingebunden werden, um Cloud-Computing und schlie\u00dflich intelligente und selbstlernende Systeme zu erm\u00f6glichen. Die Endapplikation selbst kann verdrahtet oder drahtlos &hellip; <\/p>\n<p class=\"link-more\"><a href=\"https:\/\/www.restarframos.com\/de\/maerkte\/industrie\" class=\"more-link\"><span class=\"screen-reader-text\">\u201eIndustrie\u201c<\/span> weiterlesen<\/a><\/p>\n","protected":false},"author":1,"featured_media":4508,"parent":5511,"menu_order":0,"comment_status":"closed","ping_status":"closed","template":"","meta":{"content-type":"","footnotes":""},"class_list":["post-5537","page","type-page","status-publish","has-post-thumbnail","hentry","entry"],"yoast_head":"<!-- This site is optimized with the Yoast SEO plugin v24.1 - https:\/\/yoast.com\/wordpress\/plugins\/seo\/ -->\n<title>Industrie - RESTAR FRAMOS Technologies<\/title>\n<meta name=\"robots\" content=\"index, follow, max-snippet:-1, max-image-preview:large, max-video-preview:-1\" \/>\n<link rel=\"canonical\" href=\"https:\/\/www.restarframos.com\/de\/maerkte\/industrie\" \/>\n<meta property=\"og:locale\" content=\"de_DE\" \/>\n<meta property=\"og:type\" content=\"article\" \/>\n<meta property=\"og:title\" content=\"Industrie - RESTAR FRAMOS Technologies\" \/>\n<meta property=\"og:description\" content=\"Industrie 4.0 ist das R\u00fcckgrat f\u00fcr effiziente Prozesse und intelligente Abl\u00e4ufe in der automatisierten Fertigung und Logistik. Jedes Ger\u00e4t, jeder Sensor und jeder Aktor kann \u00fcber eine individuelle IP-Adresse angesprochen und in propriet\u00e4re oder weltweite Netzwerke eingebunden werden, um Cloud-Computing und schlie\u00dflich intelligente und selbstlernende Systeme zu erm\u00f6glichen. Die Endapplikation selbst kann verdrahtet oder drahtlos &hellip; \u201eIndustrie\u201c weiterlesen\" \/>\n<meta property=\"og:url\" content=\"https:\/\/www.restarframos.com\/de\/maerkte\/industrie\" \/>\n<meta property=\"og:site_name\" content=\"RESTAR FRAMOS Technologies\" \/>\n<meta property=\"article:modified_time\" content=\"2022-11-04T09:40:21+00:00\" \/>\n<meta property=\"og:image\" content=\"https:\/\/www.restarframos.com\/wp-content\/uploads\/2021\/10\/Industrial.jpg\" \/>\n\t<meta property=\"og:image:width\" content=\"1749\" \/>\n\t<meta property=\"og:image:height\" content=\"1086\" \/>\n\t<meta property=\"og:image:type\" content=\"image\/jpeg\" \/>\n<meta name=\"twitter:card\" content=\"summary_large_image\" \/>\n<meta name=\"twitter:label1\" content=\"Gesch\u00e4tzte Lesezeit\" \/>\n\t<meta name=\"twitter:data1\" content=\"2\u00a0Minuten\" \/>\n<script type=\"application\/ld+json\" class=\"yoast-schema-graph\">{\"@context\":\"https:\/\/schema.org\",\"@graph\":[{\"@type\":\"WebPage\",\"@id\":\"https:\/\/www.restarframos.com\/de\/maerkte\/industrie\",\"url\":\"https:\/\/www.restarframos.com\/de\/maerkte\/industrie\",\"name\":\"Industrie - RESTAR FRAMOS Technologies\",\"isPartOf\":{\"@id\":\"https:\/\/www.restarframos.com\/en\/#website\"},\"primaryImageOfPage\":{\"@id\":\"https:\/\/www.restarframos.com\/de\/maerkte\/industrie#primaryimage\"},\"image\":{\"@id\":\"https:\/\/www.restarframos.com\/de\/maerkte\/industrie#primaryimage\"},\"thumbnailUrl\":\"https:\/\/www.restarframos.com\/wp-content\/uploads\/2021\/10\/Industrial.jpg\",\"datePublished\":\"2021-11-07T12:29:35+00:00\",\"dateModified\":\"2022-11-04T09:40:21+00:00\",\"breadcrumb\":{\"@id\":\"https:\/\/www.restarframos.com\/de\/maerkte\/industrie#breadcrumb\"},\"inLanguage\":\"de\",\"potentialAction\":[{\"@type\":\"ReadAction\",\"target\":[\"https:\/\/www.restarframos.com\/de\/maerkte\/industrie\"]}]},{\"@type\":\"ImageObject\",\"inLanguage\":\"de\",\"@id\":\"https:\/\/www.restarframos.com\/de\/maerkte\/industrie#primaryimage\",\"url\":\"https:\/\/www.restarframos.com\/wp-content\/uploads\/2021\/10\/Industrial.jpg\",\"contentUrl\":\"https:\/\/www.restarframos.com\/wp-content\/uploads\/2021\/10\/Industrial.jpg\",\"width\":1749,\"height\":1086},{\"@type\":\"BreadcrumbList\",\"@id\":\"https:\/\/www.restarframos.com\/de\/maerkte\/industrie#breadcrumb\",\"itemListElement\":[{\"@type\":\"ListItem\",\"position\":1,\"name\":\"Home\",\"item\":\"https:\/\/www.restarframos.com\/en\"},{\"@type\":\"ListItem\",\"position\":2,\"name\":\"M\u00e4rkte\",\"item\":\"https:\/\/www.restarframos.com\/de\/maerkte\"},{\"@type\":\"ListItem\",\"position\":3,\"name\":\"Industrie\"}]},{\"@type\":\"WebSite\",\"@id\":\"https:\/\/www.restarframos.com\/en\/#website\",\"url\":\"https:\/\/www.restarframos.com\/en\/\",\"name\":\"ViMOS Technologies GmbH\",\"description\":\"Innovation | Solution | Distribution\",\"publisher\":{\"@id\":\"https:\/\/www.restarframos.com\/en\/#organization\"},\"potentialAction\":[{\"@type\":\"SearchAction\",\"target\":{\"@type\":\"EntryPoint\",\"urlTemplate\":\"https:\/\/www.restarframos.com\/en\/?s={search_term_string}\"},\"query-input\":{\"@type\":\"PropertyValueSpecification\",\"valueRequired\":true,\"valueName\":\"search_term_string\"}}],\"inLanguage\":\"de\"},{\"@type\":\"Organization\",\"@id\":\"https:\/\/www.restarframos.com\/en\/#organization\",\"name\":\"ViMOS Technologies GmbH\",\"alternateName\":\"ViMOS\",\"url\":\"https:\/\/www.restarframos.com\/en\/\",\"logo\":{\"@type\":\"ImageObject\",\"inLanguage\":\"de\",\"@id\":\"https:\/\/www.restarframos.com\/en\/#\/schema\/logo\/image\/\",\"url\":\"https:\/\/www.restarframos.com\/wp-content\/uploads\/2021\/10\/RF_logo_color-1.png\",\"contentUrl\":\"https:\/\/www.restarframos.com\/wp-content\/uploads\/2021\/10\/RF_logo_color-1.png\",\"width\":909,\"height\":467,\"caption\":\"ViMOS Technologies GmbH\"},\"image\":{\"@id\":\"https:\/\/www.restarframos.com\/en\/#\/schema\/logo\/image\/\"}}]}<\/script>\n<!-- \/ Yoast SEO plugin. -->","yoast_head_json":{"title":"Industrie - RESTAR FRAMOS Technologies","robots":{"index":"index","follow":"follow","max-snippet":"max-snippet:-1","max-image-preview":"max-image-preview:large","max-video-preview":"max-video-preview:-1"},"canonical":"https:\/\/www.restarframos.com\/de\/maerkte\/industrie","og_locale":"de_DE","og_type":"article","og_title":"Industrie - RESTAR FRAMOS Technologies","og_description":"Industrie 4.0 ist das R\u00fcckgrat f\u00fcr effiziente Prozesse und intelligente Abl\u00e4ufe in der automatisierten Fertigung und Logistik. Jedes Ger\u00e4t, jeder Sensor und jeder Aktor kann \u00fcber eine individuelle IP-Adresse angesprochen und in propriet\u00e4re oder weltweite Netzwerke eingebunden werden, um Cloud-Computing und schlie\u00dflich intelligente und selbstlernende Systeme zu erm\u00f6glichen. Die Endapplikation selbst kann verdrahtet oder drahtlos &hellip; \u201eIndustrie\u201c weiterlesen","og_url":"https:\/\/www.restarframos.com\/de\/maerkte\/industrie","og_site_name":"RESTAR FRAMOS Technologies","article_modified_time":"2022-11-04T09:40:21+00:00","og_image":[{"width":1749,"height":1086,"url":"https:\/\/www.restarframos.com\/wp-content\/uploads\/2021\/10\/Industrial.jpg","type":"image\/jpeg"}],"twitter_card":"summary_large_image","twitter_misc":{"Gesch\u00e4tzte Lesezeit":"2\u00a0Minuten"},"schema":{"@context":"https:\/\/schema.org","@graph":[{"@type":"WebPage","@id":"https:\/\/www.restarframos.com\/de\/maerkte\/industrie","url":"https:\/\/www.restarframos.com\/de\/maerkte\/industrie","name":"Industrie - RESTAR FRAMOS Technologies","isPartOf":{"@id":"https:\/\/www.restarframos.com\/en\/#website"},"primaryImageOfPage":{"@id":"https:\/\/www.restarframos.com\/de\/maerkte\/industrie#primaryimage"},"image":{"@id":"https:\/\/www.restarframos.com\/de\/maerkte\/industrie#primaryimage"},"thumbnailUrl":"https:\/\/www.restarframos.com\/wp-content\/uploads\/2021\/10\/Industrial.jpg","datePublished":"2021-11-07T12:29:35+00:00","dateModified":"2022-11-04T09:40:21+00:00","breadcrumb":{"@id":"https:\/\/www.restarframos.com\/de\/maerkte\/industrie#breadcrumb"},"inLanguage":"de","potentialAction":[{"@type":"ReadAction","target":["https:\/\/www.restarframos.com\/de\/maerkte\/industrie"]}]},{"@type":"ImageObject","inLanguage":"de","@id":"https:\/\/www.restarframos.com\/de\/maerkte\/industrie#primaryimage","url":"https:\/\/www.restarframos.com\/wp-content\/uploads\/2021\/10\/Industrial.jpg","contentUrl":"https:\/\/www.restarframos.com\/wp-content\/uploads\/2021\/10\/Industrial.jpg","width":1749,"height":1086},{"@type":"BreadcrumbList","@id":"https:\/\/www.restarframos.com\/de\/maerkte\/industrie#breadcrumb","itemListElement":[{"@type":"ListItem","position":1,"name":"Home","item":"https:\/\/www.restarframos.com\/en"},{"@type":"ListItem","position":2,"name":"M\u00e4rkte","item":"https:\/\/www.restarframos.com\/de\/maerkte"},{"@type":"ListItem","position":3,"name":"Industrie"}]},{"@type":"WebSite","@id":"https:\/\/www.restarframos.com\/en\/#website","url":"https:\/\/www.restarframos.com\/en\/","name":"ViMOS Technologies GmbH","description":"Innovation | Solution | Distribution","publisher":{"@id":"https:\/\/www.restarframos.com\/en\/#organization"},"potentialAction":[{"@type":"SearchAction","target":{"@type":"EntryPoint","urlTemplate":"https:\/\/www.restarframos.com\/en\/?s={search_term_string}"},"query-input":{"@type":"PropertyValueSpecification","valueRequired":true,"valueName":"search_term_string"}}],"inLanguage":"de"},{"@type":"Organization","@id":"https:\/\/www.restarframos.com\/en\/#organization","name":"ViMOS Technologies GmbH","alternateName":"ViMOS","url":"https:\/\/www.restarframos.com\/en\/","logo":{"@type":"ImageObject","inLanguage":"de","@id":"https:\/\/www.restarframos.com\/en\/#\/schema\/logo\/image\/","url":"https:\/\/www.restarframos.com\/wp-content\/uploads\/2021\/10\/RF_logo_color-1.png","contentUrl":"https:\/\/www.restarframos.com\/wp-content\/uploads\/2021\/10\/RF_logo_color-1.png","width":909,"height":467,"caption":"ViMOS Technologies GmbH"},"image":{"@id":"https:\/\/www.restarframos.com\/en\/#\/schema\/logo\/image\/"}}]}},"_links":{"self":[{"href":"https:\/\/www.restarframos.com\/de\/wp-json\/wp\/v2\/pages\/5537","targetHints":{"allow":["GET"]}}],"collection":[{"href":"https:\/\/www.restarframos.com\/de\/wp-json\/wp\/v2\/pages"}],"about":[{"href":"https:\/\/www.restarframos.com\/de\/wp-json\/wp\/v2\/types\/page"}],"author":[{"embeddable":true,"href":"https:\/\/www.restarframos.com\/de\/wp-json\/wp\/v2\/users\/1"}],"replies":[{"embeddable":true,"href":"https:\/\/www.restarframos.com\/de\/wp-json\/wp\/v2\/comments?post=5537"}],"version-history":[{"count":2,"href":"https:\/\/www.restarframos.com\/de\/wp-json\/wp\/v2\/pages\/5537\/revisions"}],"predecessor-version":[{"id":10350,"href":"https:\/\/www.restarframos.com\/de\/wp-json\/wp\/v2\/pages\/5537\/revisions\/10350"}],"up":[{"embeddable":true,"href":"https:\/\/www.restarframos.com\/de\/wp-json\/wp\/v2\/pages\/5511"}],"wp:featuredmedia":[{"embeddable":true,"href":"https:\/\/www.restarframos.com\/de\/wp-json\/wp\/v2\/media\/4508"}],"wp:attachment":[{"href":"https:\/\/www.restarframos.com\/de\/wp-json\/wp\/v2\/media?parent=5537"}],"curies":[{"name":"wp","href":"https:\/\/api.w.org\/{rel}","templated":true}]}}